{"id":9644,"date":"2017-02-05T18:22:43","date_gmt":"2017-02-05T17:22:43","guid":{"rendered":"http:\/\/faschingszunft.alberschwende.info\/?page_id=9644"},"modified":"2025-02-26T11:57:58","modified_gmt":"2025-02-26T10:57:58","slug":"papierschiffchenpiraten-2","status":"publish","type":"page","link":"https:\/\/faschingszunft.alberschwende.info\/?page_id=9644","title":{"rendered":"Papierschiffchenpiraten"},"content":{"rendered":"<p><a href=\"http:\/\/faschingszunft.alberschwende.info\/?page_id=9683\"><img class=\"ngg-singlepic ngg-center aligncenter\" src=\"http:\/\/faschingszunft.alberschwende.info\/wp-content\/gallery\/Landesnarrentag-H%C3%B6chst-08.01.17\/DSC_0048.JPG\" alt=\"DSC_0048\" \/><\/a><\/p>\n<p>Nach 3 Jahren als Gl\u00fcckswichtel war es f\u00fcr Evi und ihre Truppe wieder Zeit, sich ein neues Kost\u00fcm auszusuchen.<\/p>\n<p>Begonnen hat alles mit einem Kindheitstraum eines kleinen M\u00e4dchens, das immer in Prinzessinnenkost\u00fcme auf die Faschingsparty &#8222;musste&#8220;. Zu diese Zeit keimte ein kleiner Samen eines Wunsches in dieser Prinzessin &#8222;einmal im Leben ein richtiger Pirat sein&#8220;. Dieser kleine Samen kam bei der Ideensammlung wieder zum Vorschein. Doch, was macht einen richtigen Pirat aus. F\u00fcr unsere ehemaligen Gl\u00fcckswichtel, sind bunte Kost\u00fcme das Wichtigste. Nach dem Vorbild von &#8222;Jack Sparrow&#8220; hiess es dann, den typischen Piratengang und grimmige Piratengesicht zu \u00fcben. Das Kost\u00fcm wurde dann nach und nach vervollst\u00e4ndigt. Das n\u00e4chste Detail wurde f\u00fcr die kleinsten Piraten geplant &#8211; ein Fahrzeug. Pirat &#8211; Wasser &#8211; Schiffchen &#8211; Papierschiffchen. Ein Bollerwagen als Untergrund und lang ge\u00fcbtes Papierschiffchenfalten liessen ein wunderh\u00fcbsches Schiffchen entstehen. Rechzeitig zum ersten Umzug in H\u00f6chst fertiggestellt, konnten unsere Papierschiffchenpiraten an ihren ersten Umzug in H\u00f6chst wieder gl\u00e4nzen.<\/p>\n<p><a href=\"http:\/\/faschingszunft.alberschwende.info\/?page_id=9683\">Fotos<\/a><\/p>\n","protected":false},"excerpt":{"rendered":"<p>Nach 3 Jahren als Gl\u00fcckswichtel war es f\u00fcr Evi und ihre Truppe wieder Zeit, sich ein neues Kost\u00fcm auszusuchen. Begonnen hat alles mit einem Kindheitstraum eines kleinen M\u00e4dchens, das immer in Prinzessinnenkost\u00fcme auf die Faschingsparty &#8222;musste&#8220;. Zu diese Zeit keimte ein kleiner Samen eines Wunsches in dieser Prinzessin &#8222;einmal im Leben ein richtiger Pirat sein&#8220;. &hellip; <a href=\"https:\/\/faschingszunft.alberschwende.info\/?page_id=9644\" class=\"more-link\"><span class=\"screen-reader-text\">Papierschiffchenpiraten<\/span> weiterlesen<\/a><\/p>\n","protected":false},"author":2,"featured_media":0,"parent":20872,"menu_order":7,"comment_status":"closed","ping_status":"closed","template":"","meta":{"ngg_post_thumbnail":0},"_links":{"self":[{"href":"https:\/\/faschingszunft.alberschwende.info\/index.php?rest_route=\/wp\/v2\/pages\/9644"}],"collection":[{"href":"https:\/\/faschingszunft.alberschwende.info\/index.php?rest_route=\/wp\/v2\/pages"}],"about":[{"href":"https:\/\/faschingszunft.alberschwende.info\/index.php?rest_route=\/wp\/v2\/types\/page"}],"author":[{"embeddable":true,"href":"https:\/\/faschingszunft.alberschwende.info\/index.php?rest_route=\/wp\/v2\/users\/2"}],"replies":[{"embeddable":true,"href":"https:\/\/faschingszunft.alberschwende.info\/index.php?rest_route=%2Fwp%2Fv2%2Fcomments&post=9644"}],"version-history":[{"count":6,"href":"https:\/\/faschingszunft.alberschwende.info\/index.php?rest_route=\/wp\/v2\/pages\/9644\/revisions"}],"predecessor-version":[{"id":20879,"href":"https:\/\/faschingszunft.alberschwende.info\/index.php?rest_route=\/wp\/v2\/pages\/9644\/revisions\/20879"}],"up":[{"embeddable":true,"href":"https:\/\/faschingszunft.alberschwende.info\/index.php?rest_route=\/wp\/v2\/pages\/20872"}],"wp:attachment":[{"href":"https:\/\/faschingszunft.alberschwende.info\/index.php?rest_route=%2Fwp%2Fv2%2Fmedia&parent=9644"}],"curies":[{"name":"wp","href":"https:\/\/api.w.org\/{rel}","templated":true}]}}