{"id":845,"date":"2009-01-14T09:08:03","date_gmt":"2009-01-14T08:08:03","guid":{"rendered":"http:\/\/faschingszunft.alberschwende.info\/?page_id=845"},"modified":"2010-04-27T18:52:21","modified_gmt":"2010-04-27T17:52:21","slug":"anno-dazumal-kindergardeshowtanzgruppe","status":"publish","type":"page","link":"https:\/\/faschingszunft.alberschwende.info\/?page_id=845","title":{"rendered":"anno dazumal Kindergarde+Showtanzgruppe"},"content":{"rendered":"<p><a href=\"http:\/\/faschingszunft.alberschwende.info\/?page_id=720\" target=\"_self\">Garde<\/a> | <strong><a href=\"http:\/\/faschingszunft.alberschwende.info\/?page_id=845\" target=\"_self\">Kindergarde+Showtanzgruppe<\/a><\/strong><\/p>\n<p><strong>Kindergarde + Showtanzgruppe 2009\/10<\/strong><\/p>\n<p><a href=\"http:\/\/faschingszunft.alberschwende.info\/wp-content\/uploads\/2009\/01\/Kindergarde-+-Showtanzgruppe-2009-10.jpg\" data-rel=\"lightbox-image-0\" data-rl_title=\"\" data-rl_caption=\"\" title=\"\"><img loading=\"lazy\" class=\"aligncenter size-full wp-image-1996\" title=\"Kindergarde + Showtanzgruppe 2009-10\" src=\"http:\/\/faschingszunft.alberschwende.info\/wp-content\/uploads\/2009\/01\/Kindergarde-+-Showtanzgruppe-2009-10.jpg\" alt=\"\" width=\"547\" height=\"410\" srcset=\"https:\/\/faschingszunft.alberschwende.info\/wp-content\/uploads\/2009\/01\/Kindergarde-+-Showtanzgruppe-2009-10.jpg 547w, https:\/\/faschingszunft.alberschwende.info\/wp-content\/uploads\/2009\/01\/Kindergarde-+-Showtanzgruppe-2009-10-300x224.jpg 300w\" sizes=\"(max-width: 547px) 100vw, 547px\" \/><\/a>hintere Reihe: Corinna Zeitfogel, Sabrina Maldoner, Sonja Stadelmann, Jacqueline Feldkircher<br \/>\nmittlere Reihe: Laure Eller, Jasmin Eiler, Madelaine Feldkircher<br \/>\nvordere Reihe: Bettina Eiler, Julia Stadelmann, Noreen Bereuter, Valentina Nussbaumer<\/p>\n<p><span style=\"color: #ffffff;\">.<\/span><\/p>\n<p><span style=\"color: #ffffff;\">.<\/span><\/p>\n<p><strong>Kindergarde + Showtanzgruppe 2008\/09<\/strong><\/p>\n<p><a href=\"http:\/\/faschingszunft.alberschwende.info\/wp-content\/uploads\/2009\/01\/Kindergarde-+-Showtanzgruppe-2008-09.jpg\" data-rel=\"lightbox-image-1\" data-rl_title=\"\" data-rl_caption=\"\" title=\"\"><img loading=\"lazy\" class=\"aligncenter size-full wp-image-1995\" title=\"Kindergarde + Showtanzgruppe 2008-09\" src=\"http:\/\/faschingszunft.alberschwende.info\/wp-content\/uploads\/2009\/01\/Kindergarde-+-Showtanzgruppe-2008-09.jpg\" alt=\"\" width=\"532\" height=\"399\" srcset=\"https:\/\/faschingszunft.alberschwende.info\/wp-content\/uploads\/2009\/01\/Kindergarde-+-Showtanzgruppe-2008-09.jpg 532w, https:\/\/faschingszunft.alberschwende.info\/wp-content\/uploads\/2009\/01\/Kindergarde-+-Showtanzgruppe-2008-09-300x225.jpg 300w\" sizes=\"(max-width: 532px) 100vw, 532px\" \/><\/a><\/p>\n<p>hintere Reihe: Jasmin Eiler, Bettina Eiler, Noreen Bereuter, Julia Stadelmann, Selina Fink, Laura Eller<br \/>\nvordere Reihe: Corinna Zeitfogel, Jacqueline Feldkircher, Sonja Stadelmann, Sabrina Maldoner<\/p>\n<p><span style=\"color: #ffffff;\">.<\/span><\/p>\n<p><span style=\"color: #ffffff;\">.<\/span><\/p>\n<p><strong>Kindergarde + Showtanzgruppe 2007\/08<\/strong><\/p>\n<p><img loading=\"lazy\" class=\"aligncenter size-full wp-image-1471\" title=\"kindergarde-showtanz-2007-08\" src=\"http:\/\/faschingszunft.alberschwende.info\/wp-content\/uploads\/2009\/01\/kindergarde-showtanz-2007-08.jpg\" alt=\"kindergarde-showtanz-2007-08\" width=\"532\" height=\"399\" srcset=\"https:\/\/faschingszunft.alberschwende.info\/wp-content\/uploads\/2009\/01\/kindergarde-showtanz-2007-08.jpg 532w, https:\/\/faschingszunft.alberschwende.info\/wp-content\/uploads\/2009\/01\/kindergarde-showtanz-2007-08-300x225.jpg 300w\" sizes=\"(max-width: 532px) 100vw, 532px\" \/><br \/>\n1. Reihe: Sabrina Maldoner, Madelaine Feldkircher, Jasmin Eiler, Noreen Bereuter<br \/>\n2. Reihe: Laura Eller, Sonja Stadelmann, Jennifer Maldoner, Corinna Amort, Christina Zeitfogel, Carmen Gmeiner,<br \/>\nSelina Fink, Julia Stadelman<br \/>\n3. Reihe: Birgit Sutterl\u00fcty, Vanessa Huber, Angelina D\u00fcr<br \/>\n4. Reihe: Jacqueline Feldkircher, Steffanie Huber, Corinna Zeitfogel, Christina Amort, Theresa D\u00fcr, Alina Bereuter<\/p>\n<p><span style=\"color: #ffffff;\">.<\/span><\/p>\n<p><span style=\"color: #ffffff;\">.<\/span><\/p>\n<p><strong>Kindergarde + Showtanzgruppe 2006\/07<\/strong><\/p>\n<p style=\"text-align: center;\">\n<p><img loading=\"lazy\" class=\"aligncenter size-full wp-image-1474\" title=\"kindergarde-showtanz-2006-071\" src=\"http:\/\/faschingszunft.alberschwende.info\/wp-content\/uploads\/2009\/01\/kindergarde-showtanz-2006-071.jpg\" alt=\"kindergarde-showtanz-2006-071\" width=\"533\" height=\"364\" srcset=\"https:\/\/faschingszunft.alberschwende.info\/wp-content\/uploads\/2009\/01\/kindergarde-showtanz-2006-071.jpg 533w, https:\/\/faschingszunft.alberschwende.info\/wp-content\/uploads\/2009\/01\/kindergarde-showtanz-2006-071-300x204.jpg 300w\" sizes=\"(max-width: 533px) 100vw, 533px\" \/><\/p>\n<p>hintere Reihe: Christina Zeitfogel, Vanessa Huber, Carmen Gmeiner, Birgit Sutterl\u00fcty, Angelina Maldoner, Sabrina Flatz, Angelina D\u00fcr, Hannah Gmeiner<br \/>\nKindergarde: Ellen Gamper, Christina Amort, Sabrina Maldoner, Alina Bereuter, Selina Fink, Laura Bereuter, Julia Stadelmann, Sonja Stadelmann, Noreen Bereuter, Laura Eller<br \/>\nvordere Reihe: Magdalena Huber, Theresa D\u00fcr, Steffanie Huber, Jennifer Maldoner, Corinna Amort<br \/>\nes fehlen, Madelaine Feldkircher, Jacqueline Feldkircher<\/p>\n<p><span style=\"color: #ffffff;\">.<\/span><\/p>\n<p><span style=\"color: #ffffff;\">.<\/span><\/p>\n<p><strong>Kindergarde + Showtanzgruppe 2005\/06<\/strong><\/p>\n<p style=\"text-align: center;\"><img loading=\"lazy\" class=\"ngg-singlepic ngg-center aligncenter\" src=\"http:\/\/faschingszunft.alberschwende.info\/wp-content\/gallery\/anno-dazumal\/kindergarde-showtanz-2005-06.jpg\" alt=\"kindergarde-showtanz-2005-06.jpg\" width=\"528\" height=\"383\" \/><\/p>\n<p>hintere Reihe: Tamara De Sousa, Andrea Maldoner, Sabrina Flatz, Angelina Maldoner, Theresa Kohler, Teresa Salamina, Alissia Sch\u00f6flinger, Andrea Stadelmann, Angelina D\u00fcr<br \/>\nmittlere Reihe: Laura Bereuter, Alina Bereuter, Jacqueline Feldkircher, Vanessa Huber, Birgit Sutterl\u00fcty, Christina Zeitfogel, Steffanie Huber, Jennifer Maldoner<br \/>\nvordere Reihe: Magdalena Huber, Madelaine Feldkircher, Julia Stadelmann, Christina Amort, Theresa D\u00fcr, Sonja Stadelmann, Sabrina Maldoner, Susanne B\u00f6hler, Corinna Amort<\/p>\n<p><a href=\"http:\/\/faschingszunft.alberschwende.info\/?page_id=1357\" target=\"_self\">Auftritt auf dem Blumenabend 2006 (von Harald B\u00f6hler)<\/a><\/p>\n<p><span style=\"color: #ffffff;\">.<\/span><\/p>\n<p><strong>Kindergarde 2004\/05<\/strong><\/p>\n<p><img loading=\"lazy\" class=\"aligncenter size-full wp-image-1473\" title=\"kindergarde-2004-05\" src=\"http:\/\/faschingszunft.alberschwende.info\/wp-content\/uploads\/2009\/01\/kindergarde-2004-05.jpg\" alt=\"kindergarde-2004-05\" width=\"528\" height=\"343\" srcset=\"https:\/\/faschingszunft.alberschwende.info\/wp-content\/uploads\/2009\/01\/kindergarde-2004-05.jpg 528w, https:\/\/faschingszunft.alberschwende.info\/wp-content\/uploads\/2009\/01\/kindergarde-2004-05-300x194.jpg 300w\" sizes=\"(max-width: 528px) 100vw, 528px\" \/>hintere Reihe: Sabrina Flatz, Birgit Sutterl\u00fcty, Magdalena Huber, Angelina Maldoner<br \/>\nmittlere Reihe: Corinna Zeitfogel, Vanessa Huber, Christina Zeitfogel, Alina Bereuter, Sonja Stadelmann<br \/>\nvordere Reihe: Anja Greussing, Sabrina Maldoner, Angelina D\u00fcr, Theresa D\u00fcr, Jennifer Maldoner, Susanne B\u00f6hler, Steffanie Huber<\/p>\n<p>.<\/p>\n<p><strong>Kindergarde 2003\/04<\/strong><\/p>\n<p style=\"text-align: left;\"><img loading=\"lazy\" class=\"ngg-singlepic ngg-center aligncenter\" src=\"http:\/\/faschingszunft.alberschwende.info\/wp-content\/gallery\/anno-dazumal\/kindergarde-2003-04.jpg\" alt=\"kindergarde-2003-04.jpg\" width=\"554\" height=\"391\" \/>hintere Reihe: Andrea Maldoner, Magdalena Huber, Tamara De Sousa, Corinna Zeitfogel, Steffanie Huber, Birgit Sutterl\u00fcty, Sabrina Flatz, Andrea Stadelmann<br \/>\nvordere Reihe: Alina Bereuter, Christina Zeitfogel, Theresa D\u00fcr, Alissia Sch\u00f6flinger, Angelina Maldoner, Susanne B\u00f6hler, Vanessa Huber, Jennifer Maldoner, Angelina D\u00fcr, Anja Greussing<\/p>\n<p style=\"text-align: left;\"><span style=\"color: #ffffff;\">.<\/span><\/p>\n<p style=\"text-align: left;\"><strong>Kindergarde 2002\/03 &#8211; Beginn<\/strong><\/p>\n<p style=\"text-align: left;\"><img class=\"ngg-singlepic ngg-center aligncenter\" src=\"http:\/\/faschingszunft.alberschwende.info\/wp-content\/gallery\/anno-dazumal\/kindergarde-2002-03.jpg\" alt=\"kindergarde-2002-03.jpg\" \/>hintere Reihe: Jennifer Maldoner, Magdalena Huber, Tamara De Sousa, Birgit Sutterl\u00fcty, Sabrina Flatz, Steffanie Huber<br \/>\nvordere Reihe: Christina Zeitfogel, Alissia Sch\u00f6flinger, Angelina Maldoner, Theresa D\u00fcr, Vanessa Huber, Angelina D\u00fcr, Anja Greussing<\/p>\n<p style=\"text-align: left;\">\n","protected":false},"excerpt":{"rendered":"<p>Garde | Kindergarde+Showtanzgruppe Kindergarde + Showtanzgruppe 2009\/10 hintere Reihe: Corinna Zeitfogel, Sabrina Maldoner, Sonja Stadelmann, Jacqueline Feldkircher mittlere Reihe: Laure Eller, Jasmin Eiler, Madelaine Feldkircher vordere Reihe: Bettina Eiler, Julia Stadelmann, Noreen Bereuter, Valentina Nussbaumer . . Kindergarde + Showtanzgruppe 2008\/09 hintere Reihe: Jasmin Eiler, Bettina Eiler, Noreen Bereuter, Julia Stadelmann, Selina Fink, Laura Eller &hellip; <a href=\"https:\/\/faschingszunft.alberschwende.info\/?page_id=845\" class=\"more-link\"><span class=\"screen-reader-text\">anno dazumal Kindergarde+Showtanzgruppe<\/span> weiterlesen<\/a><\/p>\n","protected":false},"author":2,"featured_media":0,"parent":841,"menu_order":0,"comment_status":"open","ping_status":"open","template":"","meta":{"ngg_post_thumbnail":0},"_links":{"self":[{"href":"https:\/\/faschingszunft.alberschwende.info\/index.php?rest_route=\/wp\/v2\/pages\/845"}],"collection":[{"href":"https:\/\/faschingszunft.alberschwende.info\/index.php?rest_route=\/wp\/v2\/pages"}],"about":[{"href":"https:\/\/faschingszunft.alberschwende.info\/index.php?rest_route=\/wp\/v2\/types\/page"}],"author":[{"embeddable":true,"href":"https:\/\/faschingszunft.alberschwende.info\/index.php?rest_route=\/wp\/v2\/users\/2"}],"replies":[{"embeddable":true,"href":"https:\/\/faschingszunft.alberschwende.info\/index.php?rest_route=%2Fwp%2Fv2%2Fcomments&post=845"}],"version-history":[{"count":9,"href":"https:\/\/faschingszunft.alberschwende.info\/index.php?rest_route=\/wp\/v2\/pages\/845\/revisions"}],"predecessor-version":[{"id":853,"href":"https:\/\/faschingszunft.alberschwende.info\/index.php?rest_route=\/wp\/v2\/pages\/845\/revisions\/853"}],"up":[{"embeddable":true,"href":"https:\/\/faschingszunft.alberschwende.info\/index.php?rest_route=\/wp\/v2\/pages\/841"}],"wp:attachment":[{"href":"https:\/\/faschingszunft.alberschwende.info\/index.php?rest_route=%2Fwp%2Fv2%2Fmedia&parent=845"}],"curies":[{"name":"wp","href":"https:\/\/api.w.org\/{rel}","templated":true}]}}