{"id":6591,"date":"2015-09-27T13:32:45","date_gmt":"2015-09-27T12:32:45","guid":{"rendered":"http:\/\/faschingszunft.alberschwende.info\/?page_id=6591"},"modified":"2017-10-23T07:19:28","modified_gmt":"2017-10-23T06:19:28","slug":"garde-201415","status":"publish","type":"page","link":"https:\/\/faschingszunft.alberschwende.info\/?page_id=6591","title":{"rendered":"Garde 2014\/15"},"content":{"rendered":"<p><a href=\"http:\/\/faschingszunft.alberschwende.info\/?page_id=2659&amp;preview=true\" target=\"_self\">Garde<\/a> | <a href=\"http:\/\/faschingszunft.alberschwende.info\/?page_id=84\" target=\"_self\">Kindergarde<\/a> | <a href=\"http:\/\/faschingszunft.alberschwende.info\/?page_id=95\" target=\"_self\">Showtanzgruppe<\/a> |\u00a0<a href=\"http:\/\/faschingszunft.alberschwende.info\/?page_id=3046\" target=\"_self\">Teenygarde<\/a> | <a href=\"http:\/\/faschingszunft.alberschwende.info\/?page_id=720\" target=\"_self\">anno dazumal<\/a><\/p>\n<p><img class=\"ngg-singlepic ngg-center aligncenter\" src=\"http:\/\/faschingszunft.alberschwende.info\/wp-content\/gallery\/landesnarrentag-hohenems-11-01-15\/DSC_1896.JPG\" alt=\"DSC_1896\" \/><\/p>\n<p>Absolute H\u00f6chtzahl an Gardem\u00e4dchen, Landesnarrentag Hohenems 2014 &#8211; 12 St\u00fcck inklusive Gernot Reum\u00fcller, der ein Versprechen einzul\u00f6sen hat &#8211; Wildsauen vergessen nicht \ud83d\ude42<\/p>\n<p>M\u00e4dchen dieser Saison:<br \/>\nhintere Reihe: Mona Schedler, Larissa Gmeiner, Melina Metzler, Corinna Kohler, Katharina Oberhauser (NEU), Sabrina Hopfner<br \/>\nvordere Reihe: Stefanie Huber, Gernot Reum\u00fcller, Julia Keck, Sophia Ennemoser (NEU), Melanie Kolb (NEU), Corinna Amort<\/p>\n<p>&nbsp;<\/p>\n","protected":false},"excerpt":{"rendered":"<p>Garde | Kindergarde | Showtanzgruppe |\u00a0Teenygarde | anno dazumal Absolute H\u00f6chtzahl an Gardem\u00e4dchen, Landesnarrentag Hohenems 2014 &#8211; 12 St\u00fcck inklusive Gernot Reum\u00fcller, der ein Versprechen einzul\u00f6sen hat &#8211; Wildsauen vergessen nicht \ud83d\ude42 M\u00e4dchen dieser Saison: hintere Reihe: Mona Schedler, Larissa Gmeiner, Melina Metzler, Corinna Kohler, Katharina Oberhauser (NEU), Sabrina Hopfner vordere Reihe: Stefanie Huber, Gernot &hellip; <a href=\"https:\/\/faschingszunft.alberschwende.info\/?page_id=6591\" class=\"more-link\"><span class=\"screen-reader-text\">Garde 2014\/15<\/span> weiterlesen<\/a><\/p>\n","protected":false},"author":2,"featured_media":0,"parent":2659,"menu_order":0,"comment_status":"open","ping_status":"closed","template":"","meta":{"ngg_post_thumbnail":0},"_links":{"self":[{"href":"https:\/\/faschingszunft.alberschwende.info\/index.php?rest_route=\/wp\/v2\/pages\/6591"}],"collection":[{"href":"https:\/\/faschingszunft.alberschwende.info\/index.php?rest_route=\/wp\/v2\/pages"}],"about":[{"href":"https:\/\/faschingszunft.alberschwende.info\/index.php?rest_route=\/wp\/v2\/types\/page"}],"author":[{"embeddable":true,"href":"https:\/\/faschingszunft.alberschwende.info\/index.php?rest_route=\/wp\/v2\/users\/2"}],"replies":[{"embeddable":true,"href":"https:\/\/faschingszunft.alberschwende.info\/index.php?rest_route=%2Fwp%2Fv2%2Fcomments&post=6591"}],"version-history":[{"count":1,"href":"https:\/\/faschingszunft.alberschwende.info\/index.php?rest_route=\/wp\/v2\/pages\/6591\/revisions"}],"predecessor-version":[{"id":6592,"href":"https:\/\/faschingszunft.alberschwende.info\/index.php?rest_route=\/wp\/v2\/pages\/6591\/revisions\/6592"}],"up":[{"embeddable":true,"href":"https:\/\/faschingszunft.alberschwende.info\/index.php?rest_route=\/wp\/v2\/pages\/2659"}],"wp:attachment":[{"href":"https:\/\/faschingszunft.alberschwende.info\/index.php?rest_route=%2Fwp%2Fv2%2Fmedia&parent=6591"}],"curies":[{"name":"wp","href":"https:\/\/api.w.org\/{rel}","templated":true}]}}