{"id":326,"date":"2008-12-31T14:19:39","date_gmt":"2008-12-31T13:19:39","guid":{"rendered":"http:\/\/faschingszunft.alberschwende.info\/?page_id=326"},"modified":"2025-07-11T20:06:25","modified_gmt":"2025-07-11T19:06:25","slug":"vorstellung-ausschus-vorstand","status":"publish","type":"page","link":"https:\/\/faschingszunft.alberschwende.info\/?page_id=326","title":{"rendered":"Vorstellung Vorstand + Ausschuss"},"content":{"rendered":"\n<p><a href=\"http:\/\/faschingszunft.alberschwende.info\/?page_id=309\" target=\"_self\" rel=\"noopener\">Wir \u00fcber uns<\/a> | <strong><a href=\"http:\/\/faschingszunft.alberschwende.info\/?page_id=326\" target=\"_self\" rel=\"noopener\">Vorstand + Ausschuss<\/a><\/strong> | <a href=\"http:\/\/faschingszunft.alberschwende.info\/?page_id=332\" target=\"_self\" rel=\"noopener\">Mitglieder<\/a><\/p>\n\n\n\n<p><span style=\"color: #ffffff;\">.<\/span><\/p>\n\n\n\n<p><strong>2025<\/strong> &#8211; Der neue Vorstand bzw. Ausschus seit der Jahreshauptversammlung 09.05.25 wieder f\u00fcr 2 Jahre:<\/p>\n\n\n\n<figure class=\"wp-block-image size-full\"><a href=\"https:\/\/faschingszunft.alberschwende.info\/wp-content\/uploads\/2025\/07\/k-20250509_211931.jpg\" data-rel=\"lightbox-image-0\" data-rl_title=\"\" data-rl_caption=\"\" title=\"\"><img loading=\"lazy\" width=\"530\" height=\"397\" src=\"https:\/\/faschingszunft.alberschwende.info\/wp-content\/uploads\/2025\/07\/k-20250509_211931.jpg\" alt=\"\" class=\"wp-image-21250\" srcset=\"https:\/\/faschingszunft.alberschwende.info\/wp-content\/uploads\/2025\/07\/k-20250509_211931.jpg 530w, https:\/\/faschingszunft.alberschwende.info\/wp-content\/uploads\/2025\/07\/k-20250509_211931-300x225.jpg 300w\" sizes=\"(max-width: 530px) 100vw, 530px\" \/><\/a><\/figure>\n\n\n\n<p><strong>Unser Vorstand:<\/strong> Daniel Metzler (Obmann), Andrea Stadelmann (Obmann-Stv. zust\u00e4ndig f\u00fcr Teenygarde und Social Media), Sigi Zeitfogel (Schriftf\u00fchrer), Lisi Bereuter (Kassier)<\/p>\n\n\n\n<p><strong>Unser Ausschuss:<\/strong> Hannes Deuring (Wirtschaft), Julian Eller (Wagen), Petra Sohm (Uniformen), Julia Stadelmann (Kinder-Garde)Simon Steurer, Julia Weigel (Wirtschaft-Stv.) <\/p>\n\n\n\n<p><strong>2023<\/strong> &#8211; Der Vorstand bzw. Ausschuss wurde auf der Jahreshauptversammlung am 14.04.23 wie folgt f\u00fcr 2 Jahre gew\u00e4hlt.<\/p>\n\n\n\n<figure class=\"wp-block-image size-full\"><a href=\"http:\/\/faschingszunft.alberschwende.info\/wp-content\/uploads\/2023\/06\/IMG-20230416-WA0016.jpg\" data-rel=\"lightbox-image-1\" data-rl_title=\"\" data-rl_caption=\"\" title=\"\"><img loading=\"lazy\" width=\"530\" height=\"398\" src=\"http:\/\/faschingszunft.alberschwende.info\/wp-content\/uploads\/2023\/06\/IMG-20230416-WA0016.jpg\" alt=\"\" class=\"wp-image-19952\" srcset=\"https:\/\/faschingszunft.alberschwende.info\/wp-content\/uploads\/2023\/06\/IMG-20230416-WA0016.jpg 530w, https:\/\/faschingszunft.alberschwende.info\/wp-content\/uploads\/2023\/06\/IMG-20230416-WA0016-300x225.jpg 300w\" sizes=\"(max-width: 530px) 100vw, 530px\" \/><\/a><\/figure>\n\n\n\n<p><span style=\"color: #ffffff;\">.<\/span><\/p>\n\n\n\n<p>\u200b<strong>Unser Vorstand:<\/strong> Obfrau Julia Weigel, Obmann Daniel Metzler, Schriftf\u00fchrer Sigi Zeitfogel, Kassier Erich Stadelmann<\/p>\n\n\n\n<p><strong>Unser Ausschuss<\/strong> (mit Zust\u00e4ndigkeit): Lisi Bereuter, Johannes Deuring (Wirtschaft), Martin Fleisch (Funken), Evi Francescini (Wagen), Stefanie Huber (Kindergarde, Uniformen), Petra Sohm, Andrea Stadelmann (Teenygarde\/Garde, Homepage)<\/p>\n\n\n\n<p><span style=\"color: #ffffff;\">.<\/span><\/p>\n\n\n\n<p><span style=\"color: #ffffff;\">.<\/span><\/p>\n\n\n\n<p><\/p>\n","protected":false},"excerpt":{"rendered":"<p>Wir \u00fcber uns | Vorstand + Ausschuss | Mitglieder . 2025 &#8211; Der neue Vorstand bzw. Ausschus seit der Jahreshauptversammlung 09.05.25 wieder f\u00fcr 2 Jahre: Unser Vorstand: Daniel Metzler (Obmann), Andrea Stadelmann (Obmann-Stv. zust\u00e4ndig f\u00fcr Teenygarde und Social Media), Sigi Zeitfogel (Schriftf\u00fchrer), Lisi Bereuter (Kassier) Unser Ausschuss: Hannes Deuring (Wirtschaft), Julian Eller (Wagen), Petra Sohm &hellip; <a href=\"https:\/\/faschingszunft.alberschwende.info\/?page_id=326\" class=\"more-link\"><span class=\"screen-reader-text\">Vorstellung Vorstand + Ausschuss<\/span> weiterlesen<\/a><\/p>\n","protected":false},"author":1,"featured_media":0,"parent":309,"menu_order":0,"comment_status":"open","ping_status":"open","template":"","meta":{"ngg_post_thumbnail":0},"_links":{"self":[{"href":"https:\/\/faschingszunft.alberschwende.info\/index.php?rest_route=\/wp\/v2\/pages\/326"}],"collection":[{"href":"https:\/\/faschingszunft.alberschwende.info\/index.php?rest_route=\/wp\/v2\/pages"}],"about":[{"href":"https:\/\/faschingszunft.alberschwende.info\/index.php?rest_route=\/wp\/v2\/types\/page"}],"author":[{"embeddable":true,"href":"https:\/\/faschingszunft.alberschwende.info\/index.php?rest_route=\/wp\/v2\/users\/1"}],"replies":[{"embeddable":true,"href":"https:\/\/faschingszunft.alberschwende.info\/index.php?rest_route=%2Fwp%2Fv2%2Fcomments&post=326"}],"version-history":[{"count":69,"href":"https:\/\/faschingszunft.alberschwende.info\/index.php?rest_route=\/wp\/v2\/pages\/326\/revisions"}],"predecessor-version":[{"id":21251,"href":"https:\/\/faschingszunft.alberschwende.info\/index.php?rest_route=\/wp\/v2\/pages\/326\/revisions\/21251"}],"up":[{"embeddable":true,"href":"https:\/\/faschingszunft.alberschwende.info\/index.php?rest_route=\/wp\/v2\/pages\/309"}],"wp:attachment":[{"href":"https:\/\/faschingszunft.alberschwende.info\/index.php?rest_route=%2Fwp%2Fv2%2Fmedia&parent=326"}],"curies":[{"name":"wp","href":"https:\/\/api.w.org\/{rel}","templated":true}]}}