{"id":3254,"date":"2014-02-27T21:43:03","date_gmt":"2014-02-27T20:43:03","guid":{"rendered":"http:\/\/faschingszunft.alberschwende.info\/?page_id=3254"},"modified":"2014-02-27T22:12:28","modified_gmt":"2014-02-27T21:12:28","slug":"einladung-unserer-burgermeisterin-an-gemeindevertretung","status":"publish","type":"page","link":"https:\/\/faschingszunft.alberschwende.info\/?page_id=3254","title":{"rendered":"Einladung unserer B\u00fcrgermeisterin an Gemeindevertretung"},"content":{"rendered":"<p style=\"text-align: right;\">Alberschwende, am Gumpigen 2014<\/p>\n<h1 style=\"text-align: center;\"><strong>Einladung<\/strong><\/h1>\n<h2 style=\"text-align: center;\">zur 007 Sitzung (\u00f6ffentlich) der Gemeindevertretung am<\/h2>\n<h1 style=\"text-align: center;\"><strong>M o n t a g ,\u00a0\u00a0 den 03. M\u00e4rz 2014, ab 9:15 Uhr<\/strong><\/h1>\n<p>I<span style=\"text-decoration: underline;\">m Badest\u00fcbchen der Gemeinde Alberschwende<\/span> mit nachstehendem Verlauf:<\/p>\n<p>1. Begr\u00fc\u00dfung und Begutachtung aller anst\u00e4ndigen Anz\u00fcglichkeiten<br \/>\n2. Desinfektion und Doping<br \/>\n3. Anh\u00f6rung aller Narreteien und Startbedingungen<br \/>\n4. Tiefes Durchatmen und allf\u00e4lliger (Seiten)Sprung ins kalte &#8230;.<br \/>\n5. Einf\u00fchrung in die Grundlagen der Anf\u00fctterung (ab 11:30)<br \/>\n6. Startschuss &#8211; Staffellauf &#8211; Preisverteilung (Start p\u00fcnktlich 13:45)<br \/>\n7. Den Kehraus noch erleben k\u00f6nnen und wollen ! (beim C\u00e4sar am Dienstag)<\/p>\n<h2>Wir bitten um vollz\u00e4hlige Teilnahme &#8211; <strong>Dabeisein ist alles<\/strong><\/h2>\n<p style=\"text-align: right;\">Die B\u00fcrgermeisterin<\/p>\n<p style=\"text-align: right;\">Angelika Schwarzmann<\/p>\n<p style=\"text-align: left;\">\n<p style=\"text-align: left;\">Anz\u00fcglichkeiten &#8211; bitte nach Belieben mitbringen:<\/p>\n<h2>Badeanzug, Schwimmfl\u00fcgel, Flossen, Taucherbrille, Schnorchel, Badehaube, Bikini, Badehose, Baywatch-Rettungsflasche, &#8230;&#8230;.. und alles was Auftrieb gibt!<\/h2>\n<p style=\"text-align: left;\">\n<p style=\"text-align: left;\">\n","protected":false},"excerpt":{"rendered":"<p>Alberschwende, am Gumpigen 2014 Einladung zur 007 Sitzung (\u00f6ffentlich) der Gemeindevertretung am M o n t a g ,\u00a0\u00a0 den 03. M\u00e4rz 2014, ab 9:15 Uhr Im Badest\u00fcbchen der Gemeinde Alberschwende mit nachstehendem Verlauf: 1. Begr\u00fc\u00dfung und Begutachtung aller anst\u00e4ndigen Anz\u00fcglichkeiten 2. Desinfektion und Doping 3. Anh\u00f6rung aller Narreteien und Startbedingungen 4. Tiefes Durchatmen und &hellip; <a href=\"https:\/\/faschingszunft.alberschwende.info\/?page_id=3254\" class=\"more-link\"><span class=\"screen-reader-text\">Einladung unserer B\u00fcrgermeisterin an Gemeindevertretung<\/span> weiterlesen<\/a><\/p>\n","protected":false},"author":2,"featured_media":0,"parent":1461,"menu_order":0,"comment_status":"open","ping_status":"closed","template":"","meta":{"ngg_post_thumbnail":0},"_links":{"self":[{"href":"https:\/\/faschingszunft.alberschwende.info\/index.php?rest_route=\/wp\/v2\/pages\/3254"}],"collection":[{"href":"https:\/\/faschingszunft.alberschwende.info\/index.php?rest_route=\/wp\/v2\/pages"}],"about":[{"href":"https:\/\/faschingszunft.alberschwende.info\/index.php?rest_route=\/wp\/v2\/types\/page"}],"author":[{"embeddable":true,"href":"https:\/\/faschingszunft.alberschwende.info\/index.php?rest_route=\/wp\/v2\/users\/2"}],"replies":[{"embeddable":true,"href":"https:\/\/faschingszunft.alberschwende.info\/index.php?rest_route=%2Fwp%2Fv2%2Fcomments&post=3254"}],"version-history":[{"count":2,"href":"https:\/\/faschingszunft.alberschwende.info\/index.php?rest_route=\/wp\/v2\/pages\/3254\/revisions"}],"predecessor-version":[{"id":3263,"href":"https:\/\/faschingszunft.alberschwende.info\/index.php?rest_route=\/wp\/v2\/pages\/3254\/revisions\/3263"}],"up":[{"embeddable":true,"href":"https:\/\/faschingszunft.alberschwende.info\/index.php?rest_route=\/wp\/v2\/pages\/1461"}],"wp:attachment":[{"href":"https:\/\/faschingszunft.alberschwende.info\/index.php?rest_route=%2Fwp%2Fv2%2Fmedia&parent=3254"}],"curies":[{"name":"wp","href":"https:\/\/api.w.org\/{rel}","templated":true}]}}