{"id":3251,"date":"2014-02-27T21:34:32","date_gmt":"2014-02-27T20:34:32","guid":{"rendered":"http:\/\/faschingszunft.alberschwende.info\/?page_id=3251"},"modified":"2014-02-27T22:05:43","modified_gmt":"2014-02-27T21:05:43","slug":"aufstellung-umzug-2014","status":"publish","type":"page","link":"https:\/\/faschingszunft.alberschwende.info\/?page_id=3251","title":{"rendered":"Aufstellung Umzug 2014"},"content":{"rendered":"<p>01\u00a0 &#8211; Lumpamusik G\u00f6tzis\u00a0 &#8211; Lumpa Lumpa Hoi, Hoi, Hoi<br \/>\n02\u00a0 &#8211; Familienverband &#8211; Tante Klara\u00a0 &#8211; He wo &#8211; a Wildsau<br \/>\n03\u00a0 &#8211; VS Dre\u00dflen \u2013 L\u00f6wenstark\u00a0 &#8211; He wo &#8211; a Wildsau<br \/>\n04\u00a0 &#8211; FZ Bezau &#8211; Schalmeien\u00a0 &#8211; B\u00e4zo Aho<br \/>\n05\u00a0 &#8211; FZ Bezau &#8211; Kindergarde\u00a0 &#8211; B\u00e4zo Aho<br \/>\n06\u00a0 &#8211; FZ Bezau &#8211; Abordnung\u00a0 &#8211; B\u00e4zo Aho<br \/>\n07\u00a0 &#8211; B\u00fcrser Fasnatverein\u00a0 &#8211; Krotta Krotta &#8211; quack-quack<br \/>\n08 &#8211; FZ Rankweil &#8211; N\u00e4rrisches Kleeblatt\u00a0 &#8211; Maschgra Maschgra Ho<br \/>\n09\u00a0 &#8211; FZ Alberschwende \u2013 Garde\u00a0 &#8211; He wo &#8211; a Wildsau<br \/>\n10\u00a0 &#8211; FZ Alberschwende \u2013 Teenygarde\u00a0 &#8211; He wo &#8211; a Wildsau<br \/>\n11\u00a0 &#8211; FZ Alberschwende \u2013 Abordnung\u00a0 &#8211; He wo &#8211; a Wildsau<br \/>\n12\u00a0 &#8211; FZ Alberschwende \u2013 Wildsauen &#8211; He wo &#8211; a Wildsau<br \/>\n13\u00a0 &#8211; FZ Buch \u2013 Abordnung\u00a0 &#8211; Buchar Lumpa &#8211; Gumpa Gumpa<br \/>\n14\u00a0 &#8211; FZ Buch \u2013 Hilrrihald\u00a0 &#8211; Buchar Lumpa &#8211; Gumpa Gumpa<br \/>\n15\u00a0 &#8211; FZ Buch \u2013 Sei kein Frosch &#8211; Buchar Lumpa &#8211; Gumpa Gumpa<br \/>\n16\u00a0 &#8211; FZ Meiningen \u2013 Waldhexen<br \/>\n17\u00a0 &#8211; FZ Wolfurt &#8211; Schnorrawackla &#8211; Rotk\u00e4ppchen &#8211; Ure, Ure, Hafaloab<br \/>\n18\u00a0 &#8211; VS M\u00fcselbach \u2013 Bunte Hunde der Hundeh\u00fctte M\u00fcselbach &#8211; He wo &#8211; a Wildsau<br \/>\n19\u00a0 &#8211; G\u00f6tzner Fasnat &#8211; Lumpa Lumpa Hoi, Hoi, Hoi<br \/>\n20\u00a0 &#8211; Feldkircher Sp\u00e4ltaschr\u00e4nza &#8211; Sp\u00e4ta-Sp\u00e4lta Hoch<br \/>\n21\u00a0 &#8211; VS Hof + Fischbach &#8211; He wo &#8211; a Wildsau<br \/>\n22\u00a0 &#8211; FZ Hohenems \u2013 Palastt\u00e4tscher &#8211; Duri, Duri, Duri &#8211; o<br \/>\n23\u00a0 &#8211; FZ Hohenems \u2013 Schlossnarren &#8211; Duri, Duri, Duri &#8211; o<br \/>\n24\u00a0 &#8211; FZ Hohenems \u2013 Ritterpaar &#8211; Duri, Duri, Duri &#8211; o<br \/>\n25\u00a0 &#8211; FZ Lustenau \u2013 Schalmeien &#8211; Greotli, Greotli, Fiza Fazo Neotli<br \/>\n26 &#8211; FZ Lustenau \u2013 Garde &#8211; Greotli, Greotli, Fiza Fazo Neotli<br \/>\n27 &#8211; FZ Lustenau \u2013 Teenygarde\u00a0 &#8211; Greotli, Greotli, Fiza Fazo Neotli<br \/>\n28 &#8211; FZ Lustenau \u2013 Kindergarde &#8211; Greotli, Greotli, Fiza Fazo Neotli<br \/>\n29 &#8211; FZ Lustenau \u2013 Abordnung &#8211; Greotli, Greotli, Fiza Fazo Neotli<br \/>\n30 &#8211; FZ Klaus &#8211; Abordnung &#8211; Wau &#8211; Wau &#8211; Miau<br \/>\n31 &#8211; MV Alberschwende &#8211; He wo &#8211; a Wildsau<br \/>\n32 &#8211; Gemeinde \u2013 Ma schwimmt &#8211; He wo &#8211; a Wildsau<br \/>\n33 &#8211; Shaun das Schaf<br \/>\n34 &#8211; FZ Dornbirn &#8211; Kehlegger Schalmeien &#8211; Maschgoro-maschgoro-rol-lo-lo<br \/>\n35 &#8211; FZ Dornbirn &#8211; Kehlegger Hexen\u00a0 &#8211; Maschgoro-maschgoro-rol-lo-lo<br \/>\n36 &#8211; FZ Bregenz \u2013 Teufel &#8211; Ore Ore<br \/>\n37 &#8211; FZ Hohenems &#8211; Herrenried Buch \u2013 Fanfarenzug &#8211; Duri, Duri, Duri &#8211; o<br \/>\n38 &#8211; FZ Egg \u2013 Garde &#8211; Eggar, Eggar Muosm\u00e4lkn\u00fcllar &#8211; Eggar, Eggar Faschnattr\u00fcllar<br \/>\n39 &#8211; FZ Egg \u2013 Prinzenpaar &#8211; Eggar, Eggar Muosm\u00e4lkn\u00fcllar &#8211; Eggar, Eggar Faschnattr\u00fcllar<br \/>\n40 &#8211; FZ Egg \u2013 Viva Mexico &#8211; Eggar, Eggar Muosm\u00e4lkn\u00fcllar &#8211; Eggar, Eggar Faschnattr\u00fcllar<br \/>\n41 &#8211; FZ Dornbirn &#8211; Hartler \u2013 Pinguin &#8211; Maschgoro-maschgoro-rol-lo-lo<br \/>\n42 &#8211; Tannazapfazupfa Kennelbach \u2013 Shaun das Schaf\u00a0 &#8211; Ore Ore<br \/>\n43 &#8211; Kriasistinker Th\u00fcringen\u00a0 &#8211; Kriasistinker &#8211; Ho<br \/>\n44 &#8211; FZ Dornbirn \u2013 Fanfarenzug Dornbirn\u00a0 &#8211; Maschgoro-maschgoro-rol-lo-lo<br \/>\n45 &#8211; FZ Krumbach &#8211; Garde\u00a0 &#8211; Dulie und duli\u00f6 &#8211; tanzed Schmelga, tanzed sch\u00f6<br \/>\n46 &#8211; FZ Wolfurt \u2013 Zauberw\u00fcrfel &#8211; Ure, Ure, Hafaloab<br \/>\n47 &#8211; FZ Schwarzach &#8211; Abordnung &#8211; Schliefer,Schliefer &#8211; Pfeller Pfiefer<br \/>\n48 &#8211; FZ Schwarzach &#8211; Schalmeien &#8211; Schliefer,Schliefer &#8211; Pfeller Pfiefer<br \/>\n49 &#8211; FZ Doren &#8211; Fasnatb\u00fcttel &#8211; Ora Ora &#8211; Dora Dora<br \/>\n50 &#8211; FZ Doren &#8211; Moorhuhn &#8211; Ora Ora &#8211; Dora Dora<br \/>\n51 &#8211; FZ Dornbirn \u2013 Alvin and the Chipmunks &#8211; Maschgoro-maschgoro-rol-lo-lo<br \/>\n52 &#8211; SAF \u2013 Garfield\u00a0 &#8211; Ore Ore<br \/>\n53 &#8211; FZ Alberschwende \u2013 Grisu der Feuerwehrdrache &#8211; He wo &#8211; a Wildsau<br \/>\nAchtung: F\u00fcr Umzugsteilnehmer und Zuschauer \u00fcbernimmt der Veranstalter keinerlei Haftung<\/p>\n","protected":false},"excerpt":{"rendered":"<p>01\u00a0 &#8211; Lumpamusik G\u00f6tzis\u00a0 &#8211; Lumpa Lumpa Hoi, Hoi, Hoi 02\u00a0 &#8211; Familienverband &#8211; Tante Klara\u00a0 &#8211; He wo &#8211; a Wildsau 03\u00a0 &#8211; VS Dre\u00dflen \u2013 L\u00f6wenstark\u00a0 &#8211; He wo &#8211; a Wildsau 04\u00a0 &#8211; FZ Bezau &#8211; Schalmeien\u00a0 &#8211; B\u00e4zo Aho 05\u00a0 &#8211; FZ Bezau &#8211; Kindergarde\u00a0 &#8211; B\u00e4zo Aho 06\u00a0 &#8211; FZ &hellip; <a href=\"https:\/\/faschingszunft.alberschwende.info\/?page_id=3251\" class=\"more-link\"><span class=\"screen-reader-text\">Aufstellung Umzug 2014<\/span> weiterlesen<\/a><\/p>\n","protected":false},"author":2,"featured_media":0,"parent":1461,"menu_order":0,"comment_status":"open","ping_status":"closed","template":"","meta":{"ngg_post_thumbnail":0},"_links":{"self":[{"href":"https:\/\/faschingszunft.alberschwende.info\/index.php?rest_route=\/wp\/v2\/pages\/3251"}],"collection":[{"href":"https:\/\/faschingszunft.alberschwende.info\/index.php?rest_route=\/wp\/v2\/pages"}],"about":[{"href":"https:\/\/faschingszunft.alberschwende.info\/index.php?rest_route=\/wp\/v2\/types\/page"}],"author":[{"embeddable":true,"href":"https:\/\/faschingszunft.alberschwende.info\/index.php?rest_route=\/wp\/v2\/users\/2"}],"replies":[{"embeddable":true,"href":"https:\/\/faschingszunft.alberschwende.info\/index.php?rest_route=%2Fwp%2Fv2%2Fcomments&post=3251"}],"version-history":[{"count":5,"href":"https:\/\/faschingszunft.alberschwende.info\/index.php?rest_route=\/wp\/v2\/pages\/3251\/revisions"}],"predecessor-version":[{"id":3260,"href":"https:\/\/faschingszunft.alberschwende.info\/index.php?rest_route=\/wp\/v2\/pages\/3251\/revisions\/3260"}],"up":[{"embeddable":true,"href":"https:\/\/faschingszunft.alberschwende.info\/index.php?rest_route=\/wp\/v2\/pages\/1461"}],"wp:attachment":[{"href":"https:\/\/faschingszunft.alberschwende.info\/index.php?rest_route=%2Fwp%2Fv2%2Fmedia&parent=3251"}],"curies":[{"name":"wp","href":"https:\/\/api.w.org\/{rel}","templated":true}]}}