{"id":3074,"date":"2014-01-17T14:32:50","date_gmt":"2014-01-17T13:32:50","guid":{"rendered":"http:\/\/faschingszunft.alberschwende.info\/?page_id=3074"},"modified":"2025-02-26T12:12:43","modified_gmt":"2025-02-26T11:12:43","slug":"gluckswichtel","status":"publish","type":"page","link":"https:\/\/faschingszunft.alberschwende.info\/?page_id=3074","title":{"rendered":"Gl\u00fcckswichtel"},"content":{"rendered":"<p><a href=\"http:\/\/faschingszunft.alberschwende.info\/?page_id=2146\" target=\"_self\" rel=\"noopener\">vorher Tschinis<\/a><br \/>\n<a href=\"http:\/\/faschingszunft.alberschwende.info\/?page_id=1038\" target=\"_self\" rel=\"noopener\">vorher Alber-Lulu<\/a><\/p>\n<p>Die Tschinis haben das Morgenland verlassen und haben sich auf den Weg gemacht, das Gl\u00fcck zu suchen. Sie haben es gefunden. Aus vielen Einzelteilen hat Evi mit ihrem Team wieder bunte und aussergew\u00f6hnliche Kost\u00fcme mit der N\u00e4hmaschine gezaubert. Beim Landesnarrentag in Bludenz 2014 zeigten sie sich dem Publikum. Und nicht anders erwartet, spendeten die Zuschauer viel Applaus. Laurin und Jonas angelten sich mit ihrem Charme die Herzen des Publikums.<\/p>\n<p style=\"text-align: center;\"><a href=\"http:\/\/faschingszunft.alberschwende.info\/?page_id=2921&amp;album=176&amp;gallery=184\" target=\"_self\" rel=\"noopener\"><img class=\"ngg-singlepic ngg-center\" src=\"http:\/\/faschingszunft.alberschwende.info\/wp-content\/gallery\/gluckswichtel\/landesnarrentag-bludenz-023.jpg\" alt=\"landesnarrentag-bludenz-023\" \/><\/a><\/p>\n<p><span style=\"color: #ffffff;\">.<\/span><\/p>\n<p><span style=\"color: #000000;\"><a href=\"http:\/\/faschingszunft.alberschwende.info\/?page_id=2921&amp;album=176&amp;gallery=184\" target=\"_self\" rel=\"noopener\">mehr Fotos<\/a><br \/>\n<\/span><\/p>\n<p><span style=\"color: #ffffff;\">\u00a0<\/span><\/p>\n<p><a href=\"http:\/\/faschingszunft.alberschwende.info\/wp-content\/uploads\/2014\/01\/Evi-F-2014.jpg\" data-rel=\"lightbox-image-0\" data-rl_title=\"\" data-rl_caption=\"\" title=\"\"><img loading=\"lazy\" class=\"alignleft size-full wp-image-3075\" title=\"Evi F 2014\" src=\"http:\/\/faschingszunft.alberschwende.info\/wp-content\/uploads\/2014\/01\/Evi-F-2014.jpg\" alt=\"\" width=\"120\" height=\"160\" \/><\/a><span style=\"color: #ffffff;\">&#8230;.<\/span>Evi Franceschini &#8211; Leiterin Gl\u00fcckswichtel<\/p>\n<p><span style=\"color: #ffffff;\">&#8230;.<\/span>Mitglied seit 2008<\/p>\n<p><span style=\"color: #ffffff;\">.<\/span><\/p>\n<p><span style=\"color: #ffffff;\">.<\/span><\/p>\n<p><span style=\"color: #ffffff;\">.<\/span><\/p>\n<p><span style=\"color: #ffffff;\">.<\/span><\/p>\n","protected":false},"excerpt":{"rendered":"<p>vorher Tschinis vorher Alber-Lulu Die Tschinis haben das Morgenland verlassen und haben sich auf den Weg gemacht, das Gl\u00fcck zu suchen. Sie haben es gefunden. Aus vielen Einzelteilen hat Evi mit ihrem Team wieder bunte und aussergew\u00f6hnliche Kost\u00fcme mit der N\u00e4hmaschine gezaubert. Beim Landesnarrentag in Bludenz 2014 zeigten sie sich dem Publikum. Und nicht anders &hellip; <a href=\"https:\/\/faschingszunft.alberschwende.info\/?page_id=3074\" class=\"more-link\"><span class=\"screen-reader-text\">Gl\u00fcckswichtel<\/span> weiterlesen<\/a><\/p>\n","protected":false},"author":2,"featured_media":0,"parent":20872,"menu_order":7,"comment_status":"open","ping_status":"closed","template":"","meta":{"ngg_post_thumbnail":0},"_links":{"self":[{"href":"https:\/\/faschingszunft.alberschwende.info\/index.php?rest_route=\/wp\/v2\/pages\/3074"}],"collection":[{"href":"https:\/\/faschingszunft.alberschwende.info\/index.php?rest_route=\/wp\/v2\/pages"}],"about":[{"href":"https:\/\/faschingszunft.alberschwende.info\/index.php?rest_route=\/wp\/v2\/types\/page"}],"author":[{"embeddable":true,"href":"https:\/\/faschingszunft.alberschwende.info\/index.php?rest_route=\/wp\/v2\/users\/2"}],"replies":[{"embeddable":true,"href":"https:\/\/faschingszunft.alberschwende.info\/index.php?rest_route=%2Fwp%2Fv2%2Fcomments&post=3074"}],"version-history":[{"count":10,"href":"https:\/\/faschingszunft.alberschwende.info\/index.php?rest_route=\/wp\/v2\/pages\/3074\/revisions"}],"predecessor-version":[{"id":20891,"href":"https:\/\/faschingszunft.alberschwende.info\/index.php?rest_route=\/wp\/v2\/pages\/3074\/revisions\/20891"}],"up":[{"embeddable":true,"href":"https:\/\/faschingszunft.alberschwende.info\/index.php?rest_route=\/wp\/v2\/pages\/20872"}],"wp:attachment":[{"href":"https:\/\/faschingszunft.alberschwende.info\/index.php?rest_route=%2Fwp%2Fv2%2Fmedia&parent=3074"}],"curies":[{"name":"wp","href":"https:\/\/api.w.org\/{rel}","templated":true}]}}