{"id":3002,"date":"2013-09-09T09:21:04","date_gmt":"2013-09-09T08:21:04","guid":{"rendered":"http:\/\/faschingszunft.alberschwende.info\/?page_id=3002"},"modified":"2017-10-23T12:59:19","modified_gmt":"2017-10-23T11:59:19","slug":"garde-saison-2013-14","status":"publish","type":"page","link":"https:\/\/faschingszunft.alberschwende.info\/?page_id=3002","title":{"rendered":"Garde 2013-14"},"content":{"rendered":"<p><a href=\"http:\/\/faschingszunft.alberschwende.info\/?page_id=2659&amp;preview=true\" target=\"_self\">Garde<\/a> | <a href=\"http:\/\/faschingszunft.alberschwende.info\/?page_id=84\" target=\"_self\">Kindergarde<\/a> | <a href=\"http:\/\/faschingszunft.alberschwende.info\/?page_id=95\" target=\"_self\">Showtanzgruppe<\/a> |\u00a0<a href=\"http:\/\/faschingszunft.alberschwende.info\/?page_id=3046\" target=\"_self\">Teenygarde<\/a> | <a href=\"http:\/\/faschingszunft.alberschwende.info\/?page_id=720\" target=\"_self\">anno dazumal<\/a><\/p>\n<p>JAAAAA, wir haben wieder eine Garde. Nach l\u00e4ngerem Suchen haben wir wieder 8 M\u00e4dchen f\u00fcr unsere Garde gewinnen k\u00f6nnen.<\/p>\n<p style=\"text-align: center;\"><a href=\"http:\/\/faschingszunft.alberschwende.info\/?page_id=2921&amp;album=174&amp;gallery=182\" target=\"_self\"><img class=\"ngg-singlepic ngg-center aligncenter\" src=\"http:\/\/faschingszunft.alberschwende.info\/wp-content\/gallery\/landesnarrentag-bludenz-12-01-14\/landesnarrentag-bludenz-020.jpg\" alt=\"landesnarrentag-bludenz-020\" \/><\/a><\/p>\n<p style=\"text-align: left;\">Unsere Gardem\u00e4dchen sind: von rechts nach links:<\/p>\n<p style=\"text-align: left;\">Christina Zeitfogel (Tr\u00e4gerin des Verdienstorden der Faschingszunft in Bronze)<br \/>\nSonja Stadelmann (Wiedereinsteigerin nach Kindergarde und Showtanzgruppe)<br \/>\nLarissa Gmeiner (neu)<br \/>\nCorinna Amort (Wiedereinsteigerin nach Showtanzgruppe)<br \/>\nAngelina D\u00fcr (Wiedereinsteigerin nach Showtanzgruppe)<br \/>\nStefanie Huber (Tr\u00e4gerin des Verdienstorden der Faschingszunft in Bronze)<br \/>\nJulia Keck (Obfrau und Tr\u00e4gerin des Verdienstorden der Faschingszunft in Bronze)<br \/>\nMelina Metzler (seit Neugr\u00fcndung)<\/p>\n<p style=\"text-align: left;\">Mit viel Motivation haben wir in die neue Saison gestartet. Getanzt wird heuer ein Marsch zum Lied von Mama Maria und ein Showtanz unter dem Motto Cheerleaders. Dass bei einem Auftritt das Aufw\u00e4rmen das Wichtigste ist, wissen alle T\u00e4nzer. Aufw\u00e4rmen ist \u00fcberall m\u00f6glich, wie folgendes Foto vom Landesnarrentag zeigt.<\/p>\n<p style=\"text-align: center;\"><img class=\"ngg-singlepic ngg-center aligncenter\" src=\"http:\/\/faschingszunft.alberschwende.info\/wp-content\/gallery\/landesnarrentag-bludenz-12-01-14\/landesnarrentag-bludenz-134.jpg\" alt=\"landesnarrentag-bludenz-134\" \/><\/p>\n<p style=\"text-align: left;\">Wir freuen uns auf eine abwechslungsreiche Saison 2013-14.<\/p>\n<p style=\"text-align: left;\"><a href=\"http:\/\/faschingszunft.alberschwende.info\/?page_id=2921&amp;album=174&amp;gallery=182\" target=\"_self\">mehr Fotos<\/a><\/p>\n<p>Unsere guten Geister im Hintergrund:<\/p>\n<table style=\"height: 10px;\" border=\"0\" width=\"530\">\n<tbody>\n<tr>\n<td width=\"20%\"><a href=\"http:\/\/faschingszunft.alberschwende.info\/wp-content\/uploads\/2013\/09\/Andrea-S-2012.jpg\" data-rel=\"lightbox-image-0\" data-rl_title=\"\" data-rl_caption=\"\" title=\"\"><img loading=\"lazy\" class=\"alignleft size-full wp-image-3080\" title=\"Andrea S 2012\" src=\"http:\/\/faschingszunft.alberschwende.info\/wp-content\/uploads\/2013\/09\/Andrea-S-2012.jpg\" alt=\"\" width=\"120\" height=\"160\" \/><\/a><\/td>\n<td width=\"80%\"><strong>Andrea Stadelmann<br \/>\n<\/strong>Trainerin Marsch<br \/>\nMitglied seit: 1987<\/td>\n<\/tr>\n<\/tbody>\n<\/table>\n<table style=\"height: 183px;\" border=\"0\" width=\"526\">\n<tbody>\n<tr>\n<td width=\"20%\"><a href=\"http:\/\/faschingszunft.alberschwende.info\/wp-content\/uploads\/2013\/09\/Julia-K-2012.jpg\" data-rel=\"lightbox-image-1\" data-rl_title=\"\" data-rl_caption=\"\" title=\"\"><img loading=\"lazy\" class=\"alignleft size-full wp-image-3081\" title=\"Julia K 2012\" src=\"http:\/\/faschingszunft.alberschwende.info\/wp-content\/uploads\/2013\/09\/Julia-K-2012.jpg\" alt=\"\" width=\"121\" height=\"160\" \/><\/a><\/td>\n<td width=\"80%\"><strong>Julia Keck<\/strong><br \/>\nTrainerin Showtanz<br \/>\nMitglied seit: 2008<\/td>\n<\/tr>\n<\/tbody>\n<\/table>\n<table style=\"height: 10px;\" border=\"0\" width=\"530\">\n<tbody>\n<tr>\n<td width=\"20%\"><a href=\"http:\/\/faschingszunft.alberschwende.info\/wp-content\/uploads\/2013\/09\/Nadine-A-2014-1.jpg\" data-rel=\"lightbox-image-2\" data-rl_title=\"\" data-rl_caption=\"\" title=\"\"><img loading=\"lazy\" class=\"aligncenter size-full wp-image-3162\" title=\"Nadine A 2014 1\" src=\"http:\/\/faschingszunft.alberschwende.info\/wp-content\/uploads\/2013\/09\/Nadine-A-2014-1.jpg\" alt=\"\" width=\"120\" height=\"160\" \/><\/a><\/td>\n<td width=\"80%\"><strong>Nadine Amann<\/strong><br \/>\nTrainerin Showtanz<br \/>\nMitglied seit: 2013<\/td>\n<\/tr>\n<\/tbody>\n<\/table>\n","protected":false},"excerpt":{"rendered":"<p>Garde | Kindergarde | Showtanzgruppe |\u00a0Teenygarde | anno dazumal JAAAAA, wir haben wieder eine Garde. Nach l\u00e4ngerem Suchen haben wir wieder 8 M\u00e4dchen f\u00fcr unsere Garde gewinnen k\u00f6nnen. Unsere Gardem\u00e4dchen sind: von rechts nach links: Christina Zeitfogel (Tr\u00e4gerin des Verdienstorden der Faschingszunft in Bronze) Sonja Stadelmann (Wiedereinsteigerin nach Kindergarde und Showtanzgruppe) Larissa Gmeiner (neu) Corinna &hellip; <a href=\"https:\/\/faschingszunft.alberschwende.info\/?page_id=3002\" class=\"more-link\"><span class=\"screen-reader-text\">Garde 2013-14<\/span> weiterlesen<\/a><\/p>\n","protected":false},"author":2,"featured_media":0,"parent":2659,"menu_order":0,"comment_status":"open","ping_status":"closed","template":"","meta":{"ngg_post_thumbnail":0},"_links":{"self":[{"href":"https:\/\/faschingszunft.alberschwende.info\/index.php?rest_route=\/wp\/v2\/pages\/3002"}],"collection":[{"href":"https:\/\/faschingszunft.alberschwende.info\/index.php?rest_route=\/wp\/v2\/pages"}],"about":[{"href":"https:\/\/faschingszunft.alberschwende.info\/index.php?rest_route=\/wp\/v2\/types\/page"}],"author":[{"embeddable":true,"href":"https:\/\/faschingszunft.alberschwende.info\/index.php?rest_route=\/wp\/v2\/users\/2"}],"replies":[{"embeddable":true,"href":"https:\/\/faschingszunft.alberschwende.info\/index.php?rest_route=%2Fwp%2Fv2%2Fcomments&post=3002"}],"version-history":[{"count":16,"href":"https:\/\/faschingszunft.alberschwende.info\/index.php?rest_route=\/wp\/v2\/pages\/3002\/revisions"}],"predecessor-version":[{"id":12160,"href":"https:\/\/faschingszunft.alberschwende.info\/index.php?rest_route=\/wp\/v2\/pages\/3002\/revisions\/12160"}],"up":[{"embeddable":true,"href":"https:\/\/faschingszunft.alberschwende.info\/index.php?rest_route=\/wp\/v2\/pages\/2659"}],"wp:attachment":[{"href":"https:\/\/faschingszunft.alberschwende.info\/index.php?rest_route=%2Fwp%2Fv2%2Fmedia&parent=3002"}],"curies":[{"name":"wp","href":"https:\/\/api.w.org\/{rel}","templated":true}]}}