{"id":30,"date":"2008-12-24T15:55:59","date_gmt":"2008-12-24T14:55:59","guid":{"rendered":"http:\/\/faschingszunft.alberschwende.info\/?page_id=30"},"modified":"2009-02-25T22:50:17","modified_gmt":"2009-02-25T21:50:17","slug":"impressum","status":"publish","type":"page","link":"https:\/\/faschingszunft.alberschwende.info\/?page_id=30","title":{"rendered":"Impressum"},"content":{"rendered":"<p>Homepage der Faschingszunft Alberschwende<\/p>\n<div class=\"entry\">\n<p><strong>BETREIBER<\/strong><br \/>\nBetreiber dieser Internetseite, faschingzunft.alberschwende.info, ist Faschingszunft Alberschwende. Betreuer und einzig verantwortlich f\u00fcr dessen Inhalt ist Erich Stadelmann.<br \/>\nF\u00fcr genaue Informationen zum Betreiber oder dieser Internetseite verwenden Sie bitte die angegebene Kontaktm\u00f6glichkeit.<\/p>\n<p>Erich Stadelmann<br \/>\nBrugg 843<br \/>\nA 6861 Alberschwende<br \/>\n<a href=\"mailto:faschingszunft.alberschwende@gmx.at\">faschingszunft.alberschwende[at]gmx.at<\/a><br \/>\n<a href=\"mailto:erich.eiler@vol.at\"><br \/>\n<\/a><\/p>\n<p><strong>VERWENDUNGSZWECK<br \/>\n<\/strong>Diese Homepage dient zur Ver\u00f6ffentlichung des Geschehen der Faschingszunft Alberschwende.<\/p>\n<p><strong>RECHTLICHE HINWEISE<\/strong><br \/>\nDer Inhalt sowie dessen Anordnung auf dieser Internetseite ist Eigentum vom Betreiber Ausgenommen davon sind Inhalte, die allgemein \u00f6ffentlich zug\u00e4nglich sind, und frei verwendet werden d\u00fcrfen, oder vom Betreiber zugekauft wurden.<\/p>\n<p>Der Inhalt dieser Website darf nicht ohne Einwilligung vom Betreiber zu kommerziellen oder privaten Zwecken kopiert, verbreitet, ver\u00e4ndert oder Dritten zug\u00e4nglich gemacht werden. Die freien Inhalte, z.B. WordPress, einzelne Grafiken und das Hintergrundbild, aber auch die vom Betreiber zugekauften und lizenzpflichtigen Inhalte d\u00fcrfen nur von dessen Anbietern direkt und zu dessen Bedingungen (Lizenzen und Geb\u00fchren) bezogen werden.<\/p>\n<p>Diese Internetseite wurde mit gr\u00f6\u00dftm\u00f6glicher Sorgfalt zusammengestellt. Sollten sich auf dieser dennoch versehentlich Fehler oder von dritten rechtlich gesch\u00fctzte Inhalte befinden welche nicht verwendet werden d\u00fcrfen, werden diese nach Information an den Betreiber sofort entfernt oder korrekt lizensiert. Das Ziel dieser Seite sind weder Urheberechtsverletzungen, noch fremdes Eigentum unerlaubt einzusetzen.<\/p>\n<p>Der Inhalt dieser Internetseite sowie dessen von Besuchern ver\u00e4nderbarer Inhalt (Kommentare, G\u00e4stebuch, usw.) wird regelm\u00e4\u00dfig kontrolliert. Weiters sind Schutzmechanismen installiert, welche unrechtlichen Inhalten und Spam nach M\u00f6glichkeit vorbeugen. Es kann dennoch bei aller Sorgfalt vorkommen, das wiederrechtliche Inhalte von Besuchern oder Automatismen auf dieser Seite ver\u00f6ffentlicht werden. Diese werden bei bekanntwerden unverz\u00fcglich vom Betreiber entfernt.<\/p>\n<p>Die auf dieser Seite befindlichen Verweise (Links) zu anderen Internetseiten entziehen trotz sorgf\u00e4ltiger inhaltlicher Kontrolle bei der Erstellung dem Einfluss vom Betreiber welcher deshalb keine Haftung f\u00fcr diese Internetseiten \u00fcbernehmen kann.<\/p>\n<p>Der Betreiber schlie\u00dft jegliche Haftung f\u00fcr Sch\u00e4den die direkt oder indirekt aus der Benutzung, oder nichtverf\u00fcgbarkeit dieser Website entstehen aus, soweit diese nicht auf Vorsatz oder grober Fahrl\u00e4ssigkeit vom Betreiber beruhen.<\/p>\n<p><strong>ABMAHNUNG<br \/>\n<\/strong>Im Falle von Streitigkeiten oder \u00e4hnlichen Problemen bittet der Betreiber, zur Vermeidung unn\u00f6tiger Rechtsstreite und Kosten, Ihn bereits im Vorfeld zu kontaktieren. Die Kostennote einer anwaltlichen Abmahnung ohne vorhergehende Kontaktaufnahme mit dem Betreiber wird im Sinne der Schadensminderungspflicht als unbegr\u00fcndet zur\u00fcckgewiesen.<\/p>\n<p><strong>DATENSCHUTZ<br \/>\n<\/strong>Vom Betreiber werden wissentlich keine pers\u00f6nlichen Daten von Besuchern gesammelt, verarbeitet oder weitergeleitet. Ausnahme davon sind Daten, welche von den Besuchern f\u00fcr die Kommentarfunktion und das G\u00e4stebuch eingegeben werden. Diese Daten sowie die Kommentare werden wie f\u00fcr Internetseiten \u00fcblich gespeichert und ver\u00f6ffentlicht. Vom Betreiber des Webservers werden automatisch und ohne den Einfluss vom Betreiber der Internetseite Daten f\u00fcr die Besuchsstatistik gesammelt. Auf die Verwendung dieser Daten wei\u00dft der Betreiber hin, und \u00fcbernimmt die Verantwortung.<\/p>\n<p><strong>TECHNISCHE VORAUSSETZUNG<\/strong><br \/>\nEmpfohlene Browser: IE 7, Safari 2.0, Firefox 2.0 oder h\u00f6her Fehler k\u00f6nnen mit dem Internetexplorer 6.0 oder niedriger auftreten (Bild und Darstellungsfehler) Minimale empfohlene Bildschirmaufl\u00f6sung: 1024\u00d7768 Pixel Javascript, Flaschplayer 9.0 oder h\u00f6her.<\/div>\n<p>Offenlegung gem\u00e4\u00df <a href=\"http:\/\/portal.wko.at\/wk\/offenlegung_dst.wk?dstid=1342\" target=\"_self\"><span>\u00a7 25 Mediengesetz<\/span><\/a><\/p>\n<p><span>Die Administratoraufgaben werden durch das <a href=\"http:\/\/alberschwende.info\/?page_id=31\" target=\"_blank\">Webteam<\/a> (www.alberschwende.info) betreut.<br \/>\n<\/span><\/p>\n","protected":false},"excerpt":{"rendered":"<p>Homepage der Faschingszunft Alberschwende BETREIBER Betreiber dieser Internetseite, faschingzunft.alberschwende.info, ist Faschingszunft Alberschwende. Betreuer und einzig verantwortlich f\u00fcr dessen Inhalt ist Erich Stadelmann. F\u00fcr genaue Informationen zum Betreiber oder dieser Internetseite verwenden Sie bitte die angegebene Kontaktm\u00f6glichkeit. Erich Stadelmann Brugg 843 A 6861 Alberschwende faschingszunft.alberschwende[at]gmx.at VERWENDUNGSZWECK Diese Homepage dient zur Ver\u00f6ffentlichung des Geschehen der Faschingszunft Alberschwende. &hellip; <a href=\"https:\/\/faschingszunft.alberschwende.info\/?page_id=30\" class=\"more-link\"><span class=\"screen-reader-text\">Impressum<\/span> weiterlesen<\/a><\/p>\n","protected":false},"author":1,"featured_media":0,"parent":0,"menu_order":13,"comment_status":"open","ping_status":"open","template":"","meta":{"ngg_post_thumbnail":0},"_links":{"self":[{"href":"https:\/\/faschingszunft.alberschwende.info\/index.php?rest_route=\/wp\/v2\/pages\/30"}],"collection":[{"href":"https:\/\/faschingszunft.alberschwende.info\/index.php?rest_route=\/wp\/v2\/pages"}],"about":[{"href":"https:\/\/faschingszunft.alberschwende.info\/index.php?rest_route=\/wp\/v2\/types\/page"}],"author":[{"embeddable":true,"href":"https:\/\/faschingszunft.alberschwende.info\/index.php?rest_route=\/wp\/v2\/users\/1"}],"replies":[{"embeddable":true,"href":"https:\/\/faschingszunft.alberschwende.info\/index.php?rest_route=%2Fwp%2Fv2%2Fcomments&post=30"}],"version-history":[{"count":11,"href":"https:\/\/faschingszunft.alberschwende.info\/index.php?rest_route=\/wp\/v2\/pages\/30\/revisions"}],"predecessor-version":[{"id":51,"href":"https:\/\/faschingszunft.alberschwende.info\/index.php?rest_route=\/wp\/v2\/pages\/30\/revisions\/51"}],"wp:attachment":[{"href":"https:\/\/faschingszunft.alberschwende.info\/index.php?rest_route=%2Fwp%2Fv2%2Fmedia&parent=30"}],"curies":[{"name":"wp","href":"https:\/\/api.w.org\/{rel}","templated":true}]}}