{"id":2916,"date":"2013-06-30T14:48:18","date_gmt":"2013-06-30T13:48:18","guid":{"rendered":"http:\/\/faschingszunft.alberschwende.info\/?page_id=2916"},"modified":"2014-03-16T18:09:50","modified_gmt":"2014-03-16T17:09:50","slug":"jahreshauptversammlung-29-06-13","status":"publish","type":"page","link":"https:\/\/faschingszunft.alberschwende.info\/?page_id=2916","title":{"rendered":"Jahreshauptversammlung 29.06.13"},"content":{"rendered":"<p style=\"text-align: center;\"><a href=\"http:\/\/faschingszunft.alberschwende.info\/?page_id=2627&amp;preview=true&amp;album=163&amp;gallery=170\" target=\"_self\"><img class=\"ngg-singlepic ngg-center aligncenter\" alt=\"13-06-29-jahreshauptversammlung-39-neue-ordenstrager\" src=\"http:\/\/faschingszunft.alberschwende.info\/wp-content\/gallery\/jahreshauptversammlung-29-06-13\/13-06-29-jahreshauptversammlung-39-neue-ordenstrager.jpg\" \/><\/a><\/p>\n<p>Erich Flatz er\u00f6ffnete als Obmann die Jahreshauptsammlung. Nach diversen Berichten von Sigi als Schriftf\u00fchrer, Erich als Obmann, Erich als Kassier, Gerhard als Rechnungspr\u00fcfer, Julia und Melina f\u00fcr die Garde, Evi f\u00fcr die Tschinis, Daniel f\u00fcr die Wagenbauer, Florian \u00fcber den Funken, Bernhard f\u00fcr die Wirtschaft und Christian \u00fcber die Umz\u00fcge erfolgte die Ordensverleihung an verdiente Mitglieder. Und zwar erhielten den Verdienstorden in Bronze (mind. 7 Jahre aktives Mitglied) Julia Keck, Evi Franceschini, Christian Eller und Raimund Fink. Den Verdienstorden in Silber (mind. 10 Jahre aktives Mitglied) wurde an Reinold Huber verliehen. Danach mussten wir unsere Statuten dahingehend ab\u00e4ndern, dass bis zu 3 Personen als gleichberechtigte Personen den Verein leiten d\u00fcrfen. Denn die Neuwahlen ergaben folgende Bild: Als Obmann-Gremium wurden mit 46 g\u00fcltigen und 1 ung\u00fcltigen Stimme Julia Keck, Daniel Metzler und Florian Winder schriftlich gew\u00e4hlt. Erich Flatz und Bernhard Bereuter traten eine Reihe zur\u00fcck und werden als Beir\u00e4te weiterhin dem Verein zur Verf\u00fcgung stehen. Die restlichen Vorstands- und Ausschussmitglieder wurden einstimmig per Handzeichen gew\u00e4hlt. Diese sind: Sigi Zeitfogel als Schriftf\u00fchrer, Erich Stadelmann als Kassier und als Beir\u00e4te Bernhard Bereuter, Christian Eller, Erich Flatz, Evi Franceschini und Reinold Huber. Nach den teilweise bereits fixierten Veranstaltungen 2013\/14 haben Michele Stocklasa, Elmar Schw\u00e4rzler, Andreas D\u00fcr, Roland Bereuter, Albert Winsauer und Reinold Huber sich unter Allf\u00e4lliges zu Wort gemeldet. Um 10.30 Uhr wurde die abwechslungsreiche und unterhaltsame Sitzung geschlossen und wir liessen und das Salat- und Suppenbuffet schmecken.<\/p>\n<p><a href=\"http:\/\/faschingszunft.alberschwende.info\/?page_id=2627&amp;preview=true&amp;album=163&amp;gallery=170\" target=\"_self\">Fotos<\/a><\/p>\n","protected":false},"excerpt":{"rendered":"<p>Erich Flatz er\u00f6ffnete als Obmann die Jahreshauptsammlung. Nach diversen Berichten von Sigi als Schriftf\u00fchrer, Erich als Obmann, Erich als Kassier, Gerhard als Rechnungspr\u00fcfer, Julia und Melina f\u00fcr die Garde, Evi f\u00fcr die Tschinis, Daniel f\u00fcr die Wagenbauer, Florian \u00fcber den Funken, Bernhard f\u00fcr die Wirtschaft und Christian \u00fcber die Umz\u00fcge erfolgte die Ordensverleihung an verdiente &hellip; <a href=\"https:\/\/faschingszunft.alberschwende.info\/?page_id=2916\" class=\"more-link\"><span class=\"screen-reader-text\">Jahreshauptversammlung 29.06.13<\/span> weiterlesen<\/a><\/p>\n","protected":false},"author":2,"featured_media":0,"parent":1461,"menu_order":0,"comment_status":"open","ping_status":"closed","template":"","meta":{"ngg_post_thumbnail":0},"_links":{"self":[{"href":"https:\/\/faschingszunft.alberschwende.info\/index.php?rest_route=\/wp\/v2\/pages\/2916"}],"collection":[{"href":"https:\/\/faschingszunft.alberschwende.info\/index.php?rest_route=\/wp\/v2\/pages"}],"about":[{"href":"https:\/\/faschingszunft.alberschwende.info\/index.php?rest_route=\/wp\/v2\/types\/page"}],"author":[{"embeddable":true,"href":"https:\/\/faschingszunft.alberschwende.info\/index.php?rest_route=\/wp\/v2\/users\/2"}],"replies":[{"embeddable":true,"href":"https:\/\/faschingszunft.alberschwende.info\/index.php?rest_route=%2Fwp%2Fv2%2Fcomments&post=2916"}],"version-history":[{"count":5,"href":"https:\/\/faschingszunft.alberschwende.info\/index.php?rest_route=\/wp\/v2\/pages\/2916\/revisions"}],"predecessor-version":[{"id":3327,"href":"https:\/\/faschingszunft.alberschwende.info\/index.php?rest_route=\/wp\/v2\/pages\/2916\/revisions\/3327"}],"up":[{"embeddable":true,"href":"https:\/\/faschingszunft.alberschwende.info\/index.php?rest_route=\/wp\/v2\/pages\/1461"}],"wp:attachment":[{"href":"https:\/\/faschingszunft.alberschwende.info\/index.php?rest_route=%2Fwp%2Fv2%2Fmedia&parent=2916"}],"curies":[{"name":"wp","href":"https:\/\/api.w.org\/{rel}","templated":true}]}}