{"id":2896,"date":"2013-02-27T21:05:01","date_gmt":"2013-02-27T20:05:01","guid":{"rendered":"http:\/\/faschingszunft.alberschwende.info\/?page_id=2896"},"modified":"2017-10-23T12:02:07","modified_gmt":"2017-10-23T11:02:07","slug":"garde-2012-13","status":"publish","type":"page","link":"https:\/\/faschingszunft.alberschwende.info\/?page_id=2896","title":{"rendered":"Garde 2012-13"},"content":{"rendered":"<p style=\"text-align: left;\"><a href=\"http:\/\/faschingszunft.alberschwende.info\/?page_id=2659&amp;preview=true\" target=\"_self\">Garde<\/a> | <a href=\"http:\/\/faschingszunft.alberschwende.info\/?page_id=84\" target=\"_self\">Kindergarde<\/a> | <a href=\"http:\/\/faschingszunft.alberschwende.info\/?page_id=95\" target=\"_self\">Showtanzgruppe<\/a> |\u00a0<a href=\"http:\/\/faschingszunft.alberschwende.info\/?page_id=3046\" target=\"_self\">Teenygarde<\/a> | <a href=\"http:\/\/faschingszunft.alberschwende.info\/?page_id=720\" target=\"_self\">anno dazumal<\/a><\/p>\n<p style=\"text-align: center;\"><a href=\"http:\/\/faschingszunft.alberschwende.info\/?page_id=2627&amp;preview=true&amp;album=160&amp;gallery=167\" target=\"_self\"><img class=\"aligncenter\" src=\"http:\/\/faschingszunft.alberschwende.info\/wp-content\/gallery\/landesnarrentag-lustenau-13-01-13\/dsc_1037.jpg\" alt=\"dsc_1037\" \/><\/a><\/p>\n<p>In der Saison 2012-13 starteten wir mit 9 M\u00e4dchen. Durch unsere Werbeplakate konnten wir ein neues Mitglied begr\u00fcssen &#8211; n\u00e4mlich Sarah Thaler. Anfang September starteten wir mit 2 Probeabenden pro Woche, bei den uns Andrea Stadelmann einen Marsch einstudierte. Unsere Gardem\u00e4dchen sind:<\/p>\n<p>Julia Keck &#8211; Gardeleiterin<br \/>\nBirgit Sutterl\u00fcty<br \/>\nCarmen Gmeiner<br \/>\nChristina Zeitfogel<br \/>\nElisabeth Forcher<br \/>\nMelina Metzler<br \/>\nSarah Thaler<br \/>\nStefanie Huber<br \/>\nVanessa Huber<\/p>\n<p><a href=\"http:\/\/faschingszunft.alberschwende.info\/?page_id=2627&amp;preview=true&amp;album=160&amp;gallery=167\" target=\"_self\">noch mehr Fotos<\/a><\/p>\n","protected":false},"excerpt":{"rendered":"<p>Garde | Kindergarde | Showtanzgruppe |\u00a0Teenygarde | anno dazumal In der Saison 2012-13 starteten wir mit 9 M\u00e4dchen. Durch unsere Werbeplakate konnten wir ein neues Mitglied begr\u00fcssen &#8211; n\u00e4mlich Sarah Thaler. Anfang September starteten wir mit 2 Probeabenden pro Woche, bei den uns Andrea Stadelmann einen Marsch einstudierte. Unsere Gardem\u00e4dchen sind: Julia Keck &#8211; Gardeleiterin &hellip; <a href=\"https:\/\/faschingszunft.alberschwende.info\/?page_id=2896\" class=\"more-link\"><span class=\"screen-reader-text\">Garde 2012-13<\/span> weiterlesen<\/a><\/p>\n","protected":false},"author":2,"featured_media":0,"parent":2659,"menu_order":0,"comment_status":"open","ping_status":"closed","template":"","meta":{"ngg_post_thumbnail":0},"_links":{"self":[{"href":"https:\/\/faschingszunft.alberschwende.info\/index.php?rest_route=\/wp\/v2\/pages\/2896"}],"collection":[{"href":"https:\/\/faschingszunft.alberschwende.info\/index.php?rest_route=\/wp\/v2\/pages"}],"about":[{"href":"https:\/\/faschingszunft.alberschwende.info\/index.php?rest_route=\/wp\/v2\/types\/page"}],"author":[{"embeddable":true,"href":"https:\/\/faschingszunft.alberschwende.info\/index.php?rest_route=\/wp\/v2\/users\/2"}],"replies":[{"embeddable":true,"href":"https:\/\/faschingszunft.alberschwende.info\/index.php?rest_route=%2Fwp%2Fv2%2Fcomments&post=2896"}],"version-history":[{"count":7,"href":"https:\/\/faschingszunft.alberschwende.info\/index.php?rest_route=\/wp\/v2\/pages\/2896\/revisions"}],"predecessor-version":[{"id":12148,"href":"https:\/\/faschingszunft.alberschwende.info\/index.php?rest_route=\/wp\/v2\/pages\/2896\/revisions\/12148"}],"up":[{"embeddable":true,"href":"https:\/\/faschingszunft.alberschwende.info\/index.php?rest_route=\/wp\/v2\/pages\/2659"}],"wp:attachment":[{"href":"https:\/\/faschingszunft.alberschwende.info\/index.php?rest_route=%2Fwp%2Fv2%2Fmedia&parent=2896"}],"curies":[{"name":"wp","href":"https:\/\/api.w.org\/{rel}","templated":true}]}}