{"id":2839,"date":"2013-02-04T11:38:00","date_gmt":"2013-02-04T10:38:00","guid":{"rendered":"http:\/\/faschingszunft.alberschwende.info\/?page_id=2839"},"modified":"2013-02-04T11:38:53","modified_gmt":"2013-02-04T10:38:53","slug":"funkenklatsch-17-02-13","status":"publish","type":"page","link":"https:\/\/faschingszunft.alberschwende.info\/?page_id=2839","title":{"rendered":"Funkenklatsch 17.02.13"},"content":{"rendered":"<p style=\"text-align: center;\"><img class=\"ngg-singlepic ngg-center\" src=\"http:\/\/faschingszunft.alberschwende.info\/wp-content\/gallery\/funken-26-02-12\/p1060714.jpg\" alt=\"p1060714\" \/><\/p>\n<p>Wir laden alle herzlich zum Funkenklatsch am 17.02.13 beim Sportplatz in Alberschwende ein. Um 16.30 Uhr starten wir mit dem Aufbau des Kinderfunkens, der anschliessend angez\u00fcndet wird. Mit einem grossen Feuerwerk leiten wir um 18.30 Uhr das Abbrennen des grossen Funkens ein. F\u00fcr beste Bewirtung mit frischen Funkenk\u00fcachle sind wir als Faschingszunft bekannt.<\/p>\n","protected":false},"excerpt":{"rendered":"<p>Wir laden alle herzlich zum Funkenklatsch am 17.02.13 beim Sportplatz in Alberschwende ein. Um 16.30 Uhr starten wir mit dem Aufbau des Kinderfunkens, der anschliessend angez\u00fcndet wird. Mit einem grossen Feuerwerk leiten wir um 18.30 Uhr das Abbrennen des grossen Funkens ein. F\u00fcr beste Bewirtung mit frischen Funkenk\u00fcachle sind wir als Faschingszunft bekannt.<\/p>\n","protected":false},"author":2,"featured_media":0,"parent":1461,"menu_order":0,"comment_status":"open","ping_status":"closed","template":"","meta":{"ngg_post_thumbnail":0},"_links":{"self":[{"href":"https:\/\/faschingszunft.alberschwende.info\/index.php?rest_route=\/wp\/v2\/pages\/2839"}],"collection":[{"href":"https:\/\/faschingszunft.alberschwende.info\/index.php?rest_route=\/wp\/v2\/pages"}],"about":[{"href":"https:\/\/faschingszunft.alberschwende.info\/index.php?rest_route=\/wp\/v2\/types\/page"}],"author":[{"embeddable":true,"href":"https:\/\/faschingszunft.alberschwende.info\/index.php?rest_route=\/wp\/v2\/users\/2"}],"replies":[{"embeddable":true,"href":"https:\/\/faschingszunft.alberschwende.info\/index.php?rest_route=%2Fwp%2Fv2%2Fcomments&post=2839"}],"version-history":[{"count":2,"href":"https:\/\/faschingszunft.alberschwende.info\/index.php?rest_route=\/wp\/v2\/pages\/2839\/revisions"}],"predecessor-version":[{"id":2841,"href":"https:\/\/faschingszunft.alberschwende.info\/index.php?rest_route=\/wp\/v2\/pages\/2839\/revisions\/2841"}],"up":[{"embeddable":true,"href":"https:\/\/faschingszunft.alberschwende.info\/index.php?rest_route=\/wp\/v2\/pages\/1461"}],"wp:attachment":[{"href":"https:\/\/faschingszunft.alberschwende.info\/index.php?rest_route=%2Fwp%2Fv2%2Fmedia&parent=2839"}],"curies":[{"name":"wp","href":"https:\/\/api.w.org\/{rel}","templated":true}]}}