{"id":2790,"date":"2013-01-18T18:57:40","date_gmt":"2013-01-18T17:57:40","guid":{"rendered":"http:\/\/faschingszunft.alberschwende.info\/?page_id=2790"},"modified":"2013-01-18T18:57:40","modified_gmt":"2013-01-18T17:57:40","slug":"maskenball-01-02-2013","status":"publish","type":"page","link":"https:\/\/faschingszunft.alberschwende.info\/?page_id=2790","title":{"rendered":"Maskenball 01.02.2013"},"content":{"rendered":"<p style=\"text-align: center;\"><img class=\"ngg-singlepic ngg-center aligncenter\" src=\"http:\/\/faschingszunft.alberschwende.info\/wp-content\/gallery\/ball-11-02-12\/p1050686.jpg\" alt=\"p1050686\" \/><\/p>\n<p>Wir laden alle recht herzlich  am Freitag, den 01.02.2013 in den Hermann Gmeiner Sall zum MASKENBALL  ein. Wir freuen uns auf viele Maskierte; Nichtmaskierte sind ebenfalls  herzlich willkommen. Die ALPEN-BOYS sorgen f\u00fcr die musikalische  Untermalung. F\u00fcr besondere Highlights sorgen die GARDE Alberschwende,  unser GEMEINDEG\u00c4RTNER, die SCHALMEIEN Rankweil und selbstverst\u00e4ndlich  diverse Programmpunkte unserer &#8222;Z\u00dcNFTLER&#8220;.<\/p>\n<p>Einlass ist ab 19.00  Uhr. Unsere Happy-Hour an der Bar (2 Getr\u00e4nke zum Preis von 1) beginnt  umn 19.30 Uhr und endet um 20.30 Uhr. Wie jedes Jahr wird unser  Zunftmeister Erich Flatz um 20.30 Uhr unseren Ball offiziell er\u00f6ffnen,  und das Feiern kann beginnen. um \u20ac 10,00 ist jedes Nichtmitglied mit  dabei (Mitglieder bezahlen nat\u00fcrlich weniger).<\/p>\n<p>Reservierungen  nimmt Erich Flatz unter Tel. 3433 ab 18.00 Uhr gerne entgegen. Wir  treffen uns am Freitag im Hermann Gmeiner Saal.<\/p>\n","protected":false},"excerpt":{"rendered":"<p>Wir laden alle recht herzlich am Freitag, den 01.02.2013 in den Hermann Gmeiner Sall zum MASKENBALL ein. Wir freuen uns auf viele Maskierte; Nichtmaskierte sind ebenfalls herzlich willkommen. Die ALPEN-BOYS sorgen f\u00fcr die musikalische Untermalung. F\u00fcr besondere Highlights sorgen die GARDE Alberschwende, unser GEMEINDEG\u00c4RTNER, die SCHALMEIEN Rankweil und selbstverst\u00e4ndlich diverse Programmpunkte unserer &#8222;Z\u00dcNFTLER&#8220;. Einlass ist &hellip; <a href=\"https:\/\/faschingszunft.alberschwende.info\/?page_id=2790\" class=\"more-link\"><span class=\"screen-reader-text\">Maskenball 01.02.2013<\/span> weiterlesen<\/a><\/p>\n","protected":false},"author":2,"featured_media":0,"parent":1461,"menu_order":0,"comment_status":"open","ping_status":"closed","template":"","meta":{"ngg_post_thumbnail":0},"_links":{"self":[{"href":"https:\/\/faschingszunft.alberschwende.info\/index.php?rest_route=\/wp\/v2\/pages\/2790"}],"collection":[{"href":"https:\/\/faschingszunft.alberschwende.info\/index.php?rest_route=\/wp\/v2\/pages"}],"about":[{"href":"https:\/\/faschingszunft.alberschwende.info\/index.php?rest_route=\/wp\/v2\/types\/page"}],"author":[{"embeddable":true,"href":"https:\/\/faschingszunft.alberschwende.info\/index.php?rest_route=\/wp\/v2\/users\/2"}],"replies":[{"embeddable":true,"href":"https:\/\/faschingszunft.alberschwende.info\/index.php?rest_route=%2Fwp%2Fv2%2Fcomments&post=2790"}],"version-history":[{"count":1,"href":"https:\/\/faschingszunft.alberschwende.info\/index.php?rest_route=\/wp\/v2\/pages\/2790\/revisions"}],"predecessor-version":[{"id":2791,"href":"https:\/\/faschingszunft.alberschwende.info\/index.php?rest_route=\/wp\/v2\/pages\/2790\/revisions\/2791"}],"up":[{"embeddable":true,"href":"https:\/\/faschingszunft.alberschwende.info\/index.php?rest_route=\/wp\/v2\/pages\/1461"}],"wp:attachment":[{"href":"https:\/\/faschingszunft.alberschwende.info\/index.php?rest_route=%2Fwp%2Fv2%2Fmedia&parent=2790"}],"curies":[{"name":"wp","href":"https:\/\/api.w.org\/{rel}","templated":true}]}}