{"id":2773,"date":"2013-01-16T14:29:49","date_gmt":"2013-01-16T13:29:49","guid":{"rendered":"http:\/\/faschingszunft.alberschwende.info\/?page_id=2773"},"modified":"2025-02-26T12:03:35","modified_gmt":"2025-02-26T11:03:35","slug":"pumuckl","status":"publish","type":"page","link":"https:\/\/faschingszunft.alberschwende.info\/?page_id=2773","title":{"rendered":"Pumuckl"},"content":{"rendered":"<p style=\"text-align: center;\"><a href=\"http:\/\/faschingszunft.alberschwende.info\/?page_id=2305&amp;album=141&amp;gallery=147\" target=\"_self\" rel=\"noopener\"><img class=\"ngg-singlepic ngg-center aligncenter\" src=\"http:\/\/faschingszunft.alberschwende.info\/wp-content\/gallery\/pumuckl\/p1020267.jpg\" alt=\"p1020267\" \/><\/a><\/p>\n<p>Anfang Fasching 2010 starteten die Dornbirner Gruppe mit Alberschwende Beteiligung f\u00fcr unsere Zunft. . Mit viel Liebe zum Detail wurde der fertige Wagen &#8222;Alberschwende-tauglich&#8220; gemacht und mit einem He, wo, a Wildsau &#8222;versch\u00f6nt&#8220;. Besonders zu beachten ist das &#8222;Hamsterrad&#8220; hinten am Wagen. Wie geschaffen f\u00fcr Elmar, er liess sich darin im Kreis drehen. Die Versuche unserer Z\u00fcnftler waren weniger elegant.<\/p>\n<p>Leitung: B\u00fcchele Elmar<\/p>\n<p><a href=\"http:\/\/faschingszunft.alberschwende.info\/?page_id=2305&amp;album=141&amp;gallery=147\" target=\"_self\" rel=\"noopener\">Fotos<\/a><\/p>\n","protected":false},"excerpt":{"rendered":"<p>Anfang Fasching 2010 starteten die Dornbirner Gruppe mit Alberschwende Beteiligung f\u00fcr unsere Zunft. . Mit viel Liebe zum Detail wurde der fertige Wagen &#8222;Alberschwende-tauglich&#8220; gemacht und mit einem He, wo, a Wildsau &#8222;versch\u00f6nt&#8220;. Besonders zu beachten ist das &#8222;Hamsterrad&#8220; hinten am Wagen. Wie geschaffen f\u00fcr Elmar, er liess sich darin im Kreis drehen. Die Versuche &hellip; <a href=\"https:\/\/faschingszunft.alberschwende.info\/?page_id=2773\" class=\"more-link\"><span class=\"screen-reader-text\">Pumuckl<\/span> weiterlesen<\/a><\/p>\n","protected":false},"author":2,"featured_media":0,"parent":605,"menu_order":2,"comment_status":"open","ping_status":"closed","template":"","meta":{"ngg_post_thumbnail":0},"_links":{"self":[{"href":"https:\/\/faschingszunft.alberschwende.info\/index.php?rest_route=\/wp\/v2\/pages\/2773"}],"collection":[{"href":"https:\/\/faschingszunft.alberschwende.info\/index.php?rest_route=\/wp\/v2\/pages"}],"about":[{"href":"https:\/\/faschingszunft.alberschwende.info\/index.php?rest_route=\/wp\/v2\/types\/page"}],"author":[{"embeddable":true,"href":"https:\/\/faschingszunft.alberschwende.info\/index.php?rest_route=\/wp\/v2\/users\/2"}],"replies":[{"embeddable":true,"href":"https:\/\/faschingszunft.alberschwende.info\/index.php?rest_route=%2Fwp%2Fv2%2Fcomments&post=2773"}],"version-history":[{"count":8,"href":"https:\/\/faschingszunft.alberschwende.info\/index.php?rest_route=\/wp\/v2\/pages\/2773\/revisions"}],"predecessor-version":[{"id":20883,"href":"https:\/\/faschingszunft.alberschwende.info\/index.php?rest_route=\/wp\/v2\/pages\/2773\/revisions\/20883"}],"up":[{"embeddable":true,"href":"https:\/\/faschingszunft.alberschwende.info\/index.php?rest_route=\/wp\/v2\/pages\/605"}],"wp:attachment":[{"href":"https:\/\/faschingszunft.alberschwende.info\/index.php?rest_route=%2Fwp%2Fv2%2Fmedia&parent=2773"}],"curies":[{"name":"wp","href":"https:\/\/api.w.org\/{rel}","templated":true}]}}