{"id":2746,"date":"2013-01-16T12:03:03","date_gmt":"2013-01-16T11:03:03","guid":{"rendered":"http:\/\/faschingszunft.alberschwende.info\/?page_id=2746"},"modified":"2025-02-26T12:00:47","modified_gmt":"2025-02-26T11:00:47","slug":"grisu","status":"publish","type":"page","link":"https:\/\/faschingszunft.alberschwende.info\/?page_id=2746","title":{"rendered":"Grisu"},"content":{"rendered":"<p>vorher <a href=\"http:\/\/faschingszunft.alberschwende.info\/?page_id=2773\" target=\"_self\" rel=\"noopener\">Pumuckl<\/a><\/p>\n<p style=\"text-align: center;\"><a href=\"http:\/\/faschingszunft.alberschwende.info\/?page_id=2627&amp;preview=true&amp;album=140&amp;gallery=146\" target=\"_self\" rel=\"noopener\"><img class=\"ngg-singlepic ngg-center aligncenter\" src=\"http:\/\/faschingszunft.alberschwende.info\/wp-content\/gallery\/grisu\/dsc_1029.jpg\" alt=\"dsc_1029\"><\/a><\/p>\n<p>Ende Saison 2011-12 haben unsere Pumuckl nach 3 Jahren ihre Per\u00fccken in die Ecken verstaut. Dem Element &#8222;Feuer&#8220; blieben sie jedoch treu und wollten &#8222;Feuermann werden&#8220;. Ab 4.11 haben sie begonnen, aus dem Pumuckl-Wagen einen Grisu-Wagen zu bauen. Nach ca. 800 Stunden und \u00fcber 1.000 Schrauben war der Wagen zur Ausfahrt bereit. Da unsere Wagenbauer fr\u00fcher mit Lego-Steinen spielten, war der Bau des Grisu auch kein Problem. Und wie es sich f\u00fcr einem kleinen Drachen geh\u00f6rt, spuckt er nicht immer Feuer, sondern auch manchmal Rauch. Der Kopf des Grisu bewegt sich nach allen Seiten. Doch der Wagen wirkt nicht allein, es mussten auch neue Kost\u00fcme her. Die Schneiderin ben\u00f6tigte zum N\u00e4hen pro Drachen ca. 4,5 Stunden . Mit ca. 20 Frau, Mann und Kind r\u00fcckten sich das erste Mal beim Narrentag in Lustenau aus, bei dem sie das Publikum auf ihrer Seite hatten.<\/p>\n<p>Leitung: B\u00fcchele Elmar<\/p>\n<p><a href=\"http:\/\/faschingszunft.alberschwende.info\/?page_id=2627&amp;preview=true&amp;album=140&amp;gallery=146\" target=\"_self\" rel=\"noopener\">Fotos<\/a><\/p>\n<p><a href=\"http:\/\/faschingszunft.alberschwende.info\/?page_id=2627&amp;preview=true&amp;album=144&amp;gallery=150\" target=\"_self\" rel=\"noopener\">Fotos vom Wagenumbau<\/a><\/p>\n","protected":false},"excerpt":{"rendered":"<p>vorher Pumuckl Ende Saison 2011-12 haben unsere Pumuckl nach 3 Jahren ihre Per\u00fccken in die Ecken verstaut. Dem Element &#8222;Feuer&#8220; blieben sie jedoch treu und wollten &#8222;Feuermann werden&#8220;. Ab 4.11 haben sie begonnen, aus dem Pumuckl-Wagen einen Grisu-Wagen zu bauen. Nach ca. 800 Stunden und \u00fcber 1.000 Schrauben war der Wagen zur Ausfahrt bereit. Da &hellip; <a href=\"https:\/\/faschingszunft.alberschwende.info\/?page_id=2746\" class=\"more-link\"><span class=\"screen-reader-text\">Grisu<\/span> weiterlesen<\/a><\/p>\n","protected":false},"author":2,"featured_media":0,"parent":605,"menu_order":1,"comment_status":"open","ping_status":"closed","template":"","meta":{"ngg_post_thumbnail":0},"_links":{"self":[{"href":"https:\/\/faschingszunft.alberschwende.info\/index.php?rest_route=\/wp\/v2\/pages\/2746"}],"collection":[{"href":"https:\/\/faschingszunft.alberschwende.info\/index.php?rest_route=\/wp\/v2\/pages"}],"about":[{"href":"https:\/\/faschingszunft.alberschwende.info\/index.php?rest_route=\/wp\/v2\/types\/page"}],"author":[{"embeddable":true,"href":"https:\/\/faschingszunft.alberschwende.info\/index.php?rest_route=\/wp\/v2\/users\/2"}],"replies":[{"embeddable":true,"href":"https:\/\/faschingszunft.alberschwende.info\/index.php?rest_route=%2Fwp%2Fv2%2Fcomments&post=2746"}],"version-history":[{"count":14,"href":"https:\/\/faschingszunft.alberschwende.info\/index.php?rest_route=\/wp\/v2\/pages\/2746\/revisions"}],"predecessor-version":[{"id":20880,"href":"https:\/\/faschingszunft.alberschwende.info\/index.php?rest_route=\/wp\/v2\/pages\/2746\/revisions\/20880"}],"up":[{"embeddable":true,"href":"https:\/\/faschingszunft.alberschwende.info\/index.php?rest_route=\/wp\/v2\/pages\/605"}],"wp:attachment":[{"href":"https:\/\/faschingszunft.alberschwende.info\/index.php?rest_route=%2Fwp%2Fv2%2Fmedia&parent=2746"}],"curies":[{"name":"wp","href":"https:\/\/api.w.org\/{rel}","templated":true}]}}