{"id":2418,"date":"2011-11-09T12:05:00","date_gmt":"2011-11-09T11:05:00","guid":{"rendered":"http:\/\/faschingszunft.alberschwende.info\/?page_id=2418"},"modified":"2011-11-09T12:44:15","modified_gmt":"2011-11-09T11:44:15","slug":"laternele-fascht-fur-erwachsene","status":"publish","type":"page","link":"https:\/\/faschingszunft.alberschwende.info\/?page_id=2418","title":{"rendered":"Laternele-F\u00e4scht f\u00fcr Erwachsene"},"content":{"rendered":"<p><strong>Ein Dorf ist im Lampenfieber:<\/strong><\/p>\n<p>Die Festfolge f\u00fcr das Laternele-F\u00e4scht steht bereits fest, und zwar:<\/p>\n<p>&#8211; Begr\u00fc\u00dfung durch die Zunftmeister Erich Flatz (Wildsoua)<br \/>\n&#8211; Marsch und Verabschiedung Musikverein (Musig)<br \/>\n&#8211; Tr\u00f6stende Worte miaut die Kulturmeile (Erich Schwarzmann)<br \/>\n&#8211; Wandelung zu den Ges\u00e4ngen des Chor St. Martin (Kilkokor)<br \/>\n&#8211; Schlu\u00dfgesang mit euch allen und den Liederm\u00e4nnern (M\u00e4nnerkor)<\/p>\n<p>Begonnen wird mit dem Laternele-F\u00e4scht um 19.11 Uhr. Die Faschingszunft hat bereits ihre eigenen Laternele gebastelt. Nach dem Dorff\u00e4scht wird die Faschingszunft in Olgas Saal noch Fotos und einen Film zeigen. Dort feiern wir unseren Faschingsbeginn<\/p>\n<p><a href=\"http:\/\/faschingszunft.alberschwende.info\/?page_id=2305&amp;album=106&amp;gallery=111\" target=\"_self\">Fotos<\/a><\/p>\n","protected":false},"excerpt":{"rendered":"<p>Ein Dorf ist im Lampenfieber: Die Festfolge f\u00fcr das Laternele-F\u00e4scht steht bereits fest, und zwar: &#8211; Begr\u00fc\u00dfung durch die Zunftmeister Erich Flatz (Wildsoua) &#8211; Marsch und Verabschiedung Musikverein (Musig) &#8211; Tr\u00f6stende Worte miaut die Kulturmeile (Erich Schwarzmann) &#8211; Wandelung zu den Ges\u00e4ngen des Chor St. Martin (Kilkokor) &#8211; Schlu\u00dfgesang mit euch allen und den Liederm\u00e4nnern &hellip; <a href=\"https:\/\/faschingszunft.alberschwende.info\/?page_id=2418\" class=\"more-link\"><span class=\"screen-reader-text\">Laternele-F\u00e4scht f\u00fcr Erwachsene<\/span> weiterlesen<\/a><\/p>\n","protected":false},"author":2,"featured_media":0,"parent":1461,"menu_order":0,"comment_status":"open","ping_status":"closed","template":"","meta":{"ngg_post_thumbnail":0},"_links":{"self":[{"href":"https:\/\/faschingszunft.alberschwende.info\/index.php?rest_route=\/wp\/v2\/pages\/2418"}],"collection":[{"href":"https:\/\/faschingszunft.alberschwende.info\/index.php?rest_route=\/wp\/v2\/pages"}],"about":[{"href":"https:\/\/faschingszunft.alberschwende.info\/index.php?rest_route=\/wp\/v2\/types\/page"}],"author":[{"embeddable":true,"href":"https:\/\/faschingszunft.alberschwende.info\/index.php?rest_route=\/wp\/v2\/users\/2"}],"replies":[{"embeddable":true,"href":"https:\/\/faschingszunft.alberschwende.info\/index.php?rest_route=%2Fwp%2Fv2%2Fcomments&post=2418"}],"version-history":[{"count":2,"href":"https:\/\/faschingszunft.alberschwende.info\/index.php?rest_route=\/wp\/v2\/pages\/2418\/revisions"}],"predecessor-version":[{"id":2424,"href":"https:\/\/faschingszunft.alberschwende.info\/index.php?rest_route=\/wp\/v2\/pages\/2418\/revisions\/2424"}],"up":[{"embeddable":true,"href":"https:\/\/faschingszunft.alberschwende.info\/index.php?rest_route=\/wp\/v2\/pages\/1461"}],"wp:attachment":[{"href":"https:\/\/faschingszunft.alberschwende.info\/index.php?rest_route=%2Fwp%2Fv2%2Fmedia&parent=2418"}],"curies":[{"name":"wp","href":"https:\/\/api.w.org\/{rel}","templated":true}]}}