{"id":2314,"date":"2011-04-18T09:21:39","date_gmt":"2011-04-18T08:21:39","guid":{"rendered":"http:\/\/faschingszunft.alberschwende.info\/?page_id=2314"},"modified":"2011-04-18T09:21:39","modified_gmt":"2011-04-18T08:21:39","slug":"jahreshauptversammlung-15-04-11","status":"publish","type":"page","link":"https:\/\/faschingszunft.alberschwende.info\/?page_id=2314","title":{"rendered":"Jahreshauptversammlung 15.04.11"},"content":{"rendered":"<p>Beim T\u00e4tigkeitsbereicht des Obmann wurde auch die Frage nach der &#8222;gestohlenen&#8220; Asche vom Funken gekl\u00e4rt &#8211; die Gemeinde hat aufger\u00e4umt. Ein besonderer Dank galt unseren Busfahrern Roland Bereuter und Raimund Fink. Ebenfalls dankte er den Sponsoren Raika, Eiler Erich, Bereuter Norbert, Gasthof Sonne, Gasthof Taube, D\u00fcr Andreas, Huber Reinold, Schertler Norbert, Bereuter Remo, Sutterl\u00fcty Armin, Gemeine Alberschwende und Huber Josef.<\/p>\n<p>Die Faschingszunft hat nach einigen Streichungen nunmehr 129 Mitglieder. 10 neue Mitglieder konnten wir heuer willkommen heissen.<\/p>\n<p>Ein besonderer Punkt war die Ehrung von verdienten Mitgliedern, diese waren:<\/p>\n<p>Verdienstorden in Bronze:<br \/>\nPeter-Klaus Gmeiner<br \/>\nGerda Eller<\/p>\n<p>Verdienstorden in Silber:<br \/>\nMarlies Fitz<br \/>\nPetra Bereuter<br \/>\nRoland Bereuter<\/p>\n<p>Verdienstorden in Gold:<br \/>\nSigi Zeitfogel<\/p>\n<p>Nach den Neuwahlen stand folgender Vorstand bzw. Ausschuss fest:<\/p>\n<p>Obmann &#8211; Erich Flatz<br \/>\nObmann-Stellvertreter &#8211; Bernhard Bereuter<br \/>\nKassier &#8211; Erich Stadelmann<br \/>\nSchriftf\u00fchrer &#8211; Sigi Zeitfogel<br \/>\nBeir\u00e4te:<br \/>\nJulia Keck<br \/>\nEvi Franceschini<br \/>\nFlorian Winder<br \/>\nReinold Huber<br \/>\nAndrea Maldoner<br \/>\nRaimund Fink<\/p>\n<p>Da Gerda Eller nach 4 Jahren aus dem Ausschuss ausgeschieden ist, wurde ein Nachfolger bestimmt:<\/p>\n<p>Christian Eller<\/p>\n<p>Nun besteht der Ausschuss wieder aus 11 Mitgliedern.<\/p>\n<p>Kassapr\u00fcfer sind:<br \/>\nGerhard Spielberger<br \/>\nMartin Fleisch<br \/>\nGerda Eller als Ersatz<\/p>\n<p>Nach dem Salatbuffet begann der gem\u00fctliche Teil der Versammlung. Andrea Stadelmann zeigte noch eine Fotoshow und Harald B\u00f6hler zeigte uns einen Film von der Narrenolympiade von 1999.<\/p>\n<p><a href=\"http:\/\/faschingszunft.alberschwende.info\/?page_id=2009&amp;album=95&amp;gallery=100\" target=\"_self\">Fotos<\/a><\/p>\n","protected":false},"excerpt":{"rendered":"<p>Beim T\u00e4tigkeitsbereicht des Obmann wurde auch die Frage nach der &#8222;gestohlenen&#8220; Asche vom Funken gekl\u00e4rt &#8211; die Gemeinde hat aufger\u00e4umt. Ein besonderer Dank galt unseren Busfahrern Roland Bereuter und Raimund Fink. Ebenfalls dankte er den Sponsoren Raika, Eiler Erich, Bereuter Norbert, Gasthof Sonne, Gasthof Taube, D\u00fcr Andreas, Huber Reinold, Schertler Norbert, Bereuter Remo, Sutterl\u00fcty Armin, &hellip; <a href=\"https:\/\/faschingszunft.alberschwende.info\/?page_id=2314\" class=\"more-link\"><span class=\"screen-reader-text\">Jahreshauptversammlung 15.04.11<\/span> weiterlesen<\/a><\/p>\n","protected":false},"author":2,"featured_media":0,"parent":1452,"menu_order":0,"comment_status":"open","ping_status":"closed","template":"","meta":{"ngg_post_thumbnail":0},"_links":{"self":[{"href":"https:\/\/faschingszunft.alberschwende.info\/index.php?rest_route=\/wp\/v2\/pages\/2314"}],"collection":[{"href":"https:\/\/faschingszunft.alberschwende.info\/index.php?rest_route=\/wp\/v2\/pages"}],"about":[{"href":"https:\/\/faschingszunft.alberschwende.info\/index.php?rest_route=\/wp\/v2\/types\/page"}],"author":[{"embeddable":true,"href":"https:\/\/faschingszunft.alberschwende.info\/index.php?rest_route=\/wp\/v2\/users\/2"}],"replies":[{"embeddable":true,"href":"https:\/\/faschingszunft.alberschwende.info\/index.php?rest_route=%2Fwp%2Fv2%2Fcomments&post=2314"}],"version-history":[{"count":1,"href":"https:\/\/faschingszunft.alberschwende.info\/index.php?rest_route=\/wp\/v2\/pages\/2314\/revisions"}],"predecessor-version":[{"id":2315,"href":"https:\/\/faschingszunft.alberschwende.info\/index.php?rest_route=\/wp\/v2\/pages\/2314\/revisions\/2315"}],"up":[{"embeddable":true,"href":"https:\/\/faschingszunft.alberschwende.info\/index.php?rest_route=\/wp\/v2\/pages\/1452"}],"wp:attachment":[{"href":"https:\/\/faschingszunft.alberschwende.info\/index.php?rest_route=%2Fwp%2Fv2%2Fmedia&parent=2314"}],"curies":[{"name":"wp","href":"https:\/\/api.w.org\/{rel}","templated":true}]}}