{"id":2165,"date":"2011-02-02T23:13:35","date_gmt":"2011-02-02T22:13:35","guid":{"rendered":"http:\/\/faschingszunft.alberschwende.info\/?page_id=2165"},"modified":"2014-01-13T12:56:11","modified_gmt":"2014-01-13T11:56:11","slug":"garde-2011","status":"publish","type":"page","link":"https:\/\/faschingszunft.alberschwende.info\/?page_id=2165","title":{"rendered":"Garde Saison 2011-12"},"content":{"rendered":"<p style=\"text-align: left;\"><a href=\"http:\/\/faschingszunft.alberschwende.info\/wp-content\/uploads\/2011\/02\/Fotoshooting-klein.jpg\" data-rel=\"lightbox-image-0\" data-rl_title=\"\" data-rl_caption=\"\" title=\"\"> <\/a><a href=\"http:\/\/faschingszunft.alberschwende.info\/?page_id=2659&amp;preview=true\" target=\"_self\">Garde<\/a> | <a href=\"http:\/\/faschingszunft.alberschwende.info\/?page_id=84\" target=\"_self\">Kindergarde<\/a> | <a href=\"http:\/\/faschingszunft.alberschwende.info\/?page_id=95\" target=\"_self\">Showtanzgruppe<\/a> |\u00a0<a href=\"http:\/\/faschingszunft.alberschwende.info\/?page_id=3046\" target=\"_self\">Teenygarde<\/a> | <a href=\"http:\/\/faschingszunft.alberschwende.info\/?page_id=720\" target=\"_self\">anno dazumal<\/a><\/p>\n<p style=\"text-align: center;\"><a href=\"http:\/\/faschingszunft.alberschwende.info\/wp-content\/uploads\/2011\/02\/Fotoshooting-klein.jpg\" data-rel=\"lightbox-image-0\" data-rl_title=\"\" data-rl_caption=\"\" title=\"\"><img loading=\"lazy\" class=\"aligncenter\" title=\"Fotoshooting klein\" src=\"http:\/\/faschingszunft.alberschwende.info\/wp-content\/uploads\/2011\/02\/Fotoshooting-klein.jpg\" alt=\"\" width=\"500\" height=\"333\" \/> <\/a><\/p>\n<p>Nach einem Jahr Pause konnten wir wieder 8 M\u00e4dchen f\u00fcr unsere &#8222;Grosse Garde&#8220; begeistern. Unsere M\u00e4dchen sind zwischen 14 und 19 Jahre alt. Mit einer komplett neuen Uniform hatten sie beim Umzug in Th\u00fcringen ihr Deb\u00fct. Beim Faschingszunftball am 19.02.11 werden sie ihr t\u00e4nzerisches K\u00f6nnen unter Beweis stellen. Unsere M\u00e4dchen sind:<\/p>\n<p>Elisabeth Forcher<br \/>\nCarmen Gmeiner<br \/>\nVanessa Huber<br \/>\nSteffanie Huber<br \/>\nJulia Keck<br \/>\nMelina Metzler<br \/>\nBirgit Sutterl\u00fcty<br \/>\nChristina Zeitfogel<\/p>\n<p>Unter der Leitung von Sigi Zeitfogel werden die M\u00e4dchen vom Andrea Stadelmann trainiert.<\/p>\n<p><a href=\"http:\/\/faschingszunft.alberschwende.info\/?page_id=2009&amp;album=75&amp;gallery=80\" target=\"_self\">Fotos<\/a><\/p>\n<p><a href=\"http:\/\/faschingszunft.alberschwende.info\/?page_id=2627&amp;preview=true&amp;album=135&amp;gallery=141\" target=\"_self\">Fotos Shooting<\/a><\/p>\n","protected":false},"excerpt":{"rendered":"<p>Garde | Kindergarde | Showtanzgruppe |\u00a0Teenygarde | anno dazumal Nach einem Jahr Pause konnten wir wieder 8 M\u00e4dchen f\u00fcr unsere &#8222;Grosse Garde&#8220; begeistern. Unsere M\u00e4dchen sind zwischen 14 und 19 Jahre alt. Mit einer komplett neuen Uniform hatten sie beim Umzug in Th\u00fcringen ihr Deb\u00fct. Beim Faschingszunftball am 19.02.11 werden sie ihr t\u00e4nzerisches K\u00f6nnen unter &hellip; <a href=\"https:\/\/faschingszunft.alberschwende.info\/?page_id=2165\" class=\"more-link\"><span class=\"screen-reader-text\">Garde Saison 2011-12<\/span> weiterlesen<\/a><\/p>\n","protected":false},"author":2,"featured_media":0,"parent":131,"menu_order":0,"comment_status":"open","ping_status":"closed","template":"","meta":{"ngg_post_thumbnail":0},"_links":{"self":[{"href":"https:\/\/faschingszunft.alberschwende.info\/index.php?rest_route=\/wp\/v2\/pages\/2165"}],"collection":[{"href":"https:\/\/faschingszunft.alberschwende.info\/index.php?rest_route=\/wp\/v2\/pages"}],"about":[{"href":"https:\/\/faschingszunft.alberschwende.info\/index.php?rest_route=\/wp\/v2\/types\/page"}],"author":[{"embeddable":true,"href":"https:\/\/faschingszunft.alberschwende.info\/index.php?rest_route=\/wp\/v2\/users\/2"}],"replies":[{"embeddable":true,"href":"https:\/\/faschingszunft.alberschwende.info\/index.php?rest_route=%2Fwp%2Fv2%2Fcomments&post=2165"}],"version-history":[{"count":9,"href":"https:\/\/faschingszunft.alberschwende.info\/index.php?rest_route=\/wp\/v2\/pages\/2165\/revisions"}],"predecessor-version":[{"id":3143,"href":"https:\/\/faschingszunft.alberschwende.info\/index.php?rest_route=\/wp\/v2\/pages\/2165\/revisions\/3143"}],"up":[{"embeddable":true,"href":"https:\/\/faschingszunft.alberschwende.info\/index.php?rest_route=\/wp\/v2\/pages\/131"}],"wp:attachment":[{"href":"https:\/\/faschingszunft.alberschwende.info\/index.php?rest_route=%2Fwp%2Fv2%2Fmedia&parent=2165"}],"curies":[{"name":"wp","href":"https:\/\/api.w.org\/{rel}","templated":true}]}}