{"id":2146,"date":"2011-01-11T19:48:43","date_gmt":"2011-01-11T18:48:43","guid":{"rendered":"http:\/\/faschingszunft.alberschwende.info\/?page_id=2146"},"modified":"2025-02-26T12:11:36","modified_gmt":"2025-02-26T11:11:36","slug":"tschinnies","status":"publish","type":"page","link":"https:\/\/faschingszunft.alberschwende.info\/?page_id=2146","title":{"rendered":"Tschinis"},"content":{"rendered":"<p style=\"text-align: left;\">vorher&nbsp;<a href=\"http:\/\/faschingszunft.alberschwende.info\/?page_id=1038\" target=\"_self\" rel=\"noopener\"> Alber-Lulus<\/a><\/p>\n<p style=\"text-align: center;\"><img class=\"ngg-singlepic ngg-center aligncenter\" src=\"http:\/\/faschingszunft.alberschwende.info\/wp-content\/gallery\/landesnarrentag-dornbirn-9-1-11\/p1020285.jpg\" alt=\"p1020285\"><\/p>\n<p>Es ist soweit, die Alber-Lulus haben ihre Lederhosen verlassen und sich in der Saison 2010-11 in bezaubernde Tschinis verwandelt. Nach l\u00e4ngeren Besprechungen und Beratungen wurde die Idee der Tschinis geboren. Das Team um Evi hat harten 3 Wochen das neue Kost\u00fcm entworfen und gen\u00e4ht. Bis zum Narrentag waren alle Kost\u00fcme fertig und einsatzbereit. Nat\u00fcrlich sind Aladins Wunderlampen auch mitdabei und speien Rauch und Gestank.<\/p>\n<p style=\"text-align: center;\"><img class=\"ngg-singlepic ngg-center aligncenter\" src=\"http:\/\/faschingszunft.alberschwende.info\/wp-content\/gallery\/landesnarrentag-dornbirn-9-1-11\/p1020301.jpg\" alt=\"p1020301\"><\/p>\n<p><a href=\"http:\/\/faschingszunft.alberschwende.info\/wp-content\/uploads\/2011\/01\/Evi-F-20111.jpg\" data-rel=\"lightbox-image-0\" data-rl_title=\"\" data-rl_caption=\"\" title=\"\"><img loading=\"lazy\" class=\"alignleft size-full wp-image-2148\" title=\"Evi F 2011\" src=\"http:\/\/faschingszunft.alberschwende.info\/wp-content\/uploads\/2011\/01\/Evi-F-20111.jpg\" alt=\"\" width=\"119\" height=\"159\"><\/a> <span style=\"color: #ffffff;\">&#8230;.<\/span>Evi Franceschini &#8211; Leiterin Tschinis<\/p>\n<p><span style=\"color: #ffffff;\">&#8230;.<\/span>Mitglied seit 2008<\/p>\n<p><span style=\"color: #ffffff;\">.<\/span><\/p>\n<p><span style=\"color: #ffffff;\">.<\/span><\/p>\n<p><span style=\"color: #ffffff;\">.<\/span><\/p>\n<p><span style=\"color: #ffffff;\">.<\/span><\/p>\n","protected":false},"excerpt":{"rendered":"<p>vorher&nbsp; Alber-Lulus Es ist soweit, die Alber-Lulus haben ihre Lederhosen verlassen und sich in der Saison 2010-11 in bezaubernde Tschinis verwandelt. Nach l\u00e4ngeren Besprechungen und Beratungen wurde die Idee der Tschinis geboren. Das Team um Evi hat harten 3 Wochen das neue Kost\u00fcm entworfen und gen\u00e4ht. Bis zum Narrentag waren alle Kost\u00fcme fertig und einsatzbereit. &hellip; <a href=\"https:\/\/faschingszunft.alberschwende.info\/?page_id=2146\" class=\"more-link\"><span class=\"screen-reader-text\">Tschinis<\/span> weiterlesen<\/a><\/p>\n","protected":false},"author":2,"featured_media":0,"parent":20872,"menu_order":7,"comment_status":"open","ping_status":"closed","template":"","meta":{"ngg_post_thumbnail":0},"_links":{"self":[{"href":"https:\/\/faschingszunft.alberschwende.info\/index.php?rest_route=\/wp\/v2\/pages\/2146"}],"collection":[{"href":"https:\/\/faschingszunft.alberschwende.info\/index.php?rest_route=\/wp\/v2\/pages"}],"about":[{"href":"https:\/\/faschingszunft.alberschwende.info\/index.php?rest_route=\/wp\/v2\/types\/page"}],"author":[{"embeddable":true,"href":"https:\/\/faschingszunft.alberschwende.info\/index.php?rest_route=\/wp\/v2\/users\/2"}],"replies":[{"embeddable":true,"href":"https:\/\/faschingszunft.alberschwende.info\/index.php?rest_route=%2Fwp%2Fv2%2Fcomments&post=2146"}],"version-history":[{"count":9,"href":"https:\/\/faschingszunft.alberschwende.info\/index.php?rest_route=\/wp\/v2\/pages\/2146\/revisions"}],"predecessor-version":[{"id":20889,"href":"https:\/\/faschingszunft.alberschwende.info\/index.php?rest_route=\/wp\/v2\/pages\/2146\/revisions\/20889"}],"up":[{"embeddable":true,"href":"https:\/\/faschingszunft.alberschwende.info\/index.php?rest_route=\/wp\/v2\/pages\/20872"}],"wp:attachment":[{"href":"https:\/\/faschingszunft.alberschwende.info\/index.php?rest_route=%2Fwp%2Fv2%2Fmedia&parent=2146"}],"curies":[{"name":"wp","href":"https:\/\/api.w.org\/{rel}","templated":true}]}}