{"id":20872,"date":"2025-02-26T11:55:18","date_gmt":"2025-02-26T10:55:18","guid":{"rendered":"https:\/\/faschingszunft.alberschwende.info\/?page_id=20872"},"modified":"2025-02-26T12:19:15","modified_gmt":"2025-02-26T11:19:15","slug":"fussgruppen","status":"publish","type":"page","link":"https:\/\/faschingszunft.alberschwende.info\/?page_id=20872","title":{"rendered":"Fussgruppen"},"content":{"rendered":"\n<figure class=\"wp-block-image size-full\"><a href=\"https:\/\/faschingszunft.alberschwende.info\/wp-content\/uploads\/2025\/02\/k-IMG-20250113-WA0005.jpg\" data-rel=\"lightbox-image-0\" data-rl_title=\"\" data-rl_caption=\"\" title=\"\"><img loading=\"lazy\" width=\"530\" height=\"298\" src=\"https:\/\/faschingszunft.alberschwende.info\/wp-content\/uploads\/2025\/02\/k-IMG-20250113-WA0005.jpg\" alt=\"\" class=\"wp-image-20874\" srcset=\"https:\/\/faschingszunft.alberschwende.info\/wp-content\/uploads\/2025\/02\/k-IMG-20250113-WA0005.jpg 530w, https:\/\/faschingszunft.alberschwende.info\/wp-content\/uploads\/2025\/02\/k-IMG-20250113-WA0005-300x169.jpg 300w\" sizes=\"(max-width: 530px) 100vw, 530px\" \/><\/a><\/figure>\n\n\n\n<p>Immer wieder neue Kost\u00fcme hat unsere Fussgruppe. Seit Fasching 2025 sind sie als Ritter unterwegs.<\/p>\n\n\n\n<p><strong>Bisherige Kost\u00fcme<\/strong><\/p>\n\n\n\n<p>Ritter<\/p>\n\n\n\n<p><a href=\"https:\/\/faschingszunft.alberschwende.info\/wp-admin\/post.php?post=9644&amp;action=edit\">Papierschiffchenpiraten<\/a><\/p>\n\n\n\n<p><a href=\"https:\/\/faschingszunft.alberschwende.info\/?page_id=20484\">Zauberhafte Hexen<\/a><\/p>\n\n\n\n<p><a href=\"https:\/\/faschingszunft.alberschwende.info\/wp-admin\/post.php?post=3074&amp;action=edit\">Gl\u00fcckswichtel<\/a><\/p>\n\n\n\n<p><a href=\"https:\/\/faschingszunft.alberschwende.info\/?page_id=2146\">Tschinis<\/a><\/p>\n\n\n\n<p><a href=\"https:\/\/faschingszunft.alberschwende.info\/?page_id=1038\">Alberlulu<\/a><\/p>\n\n\n\n<p><\/p>\n\n\n\n<p><\/p>\n","protected":false},"excerpt":{"rendered":"<p>Immer wieder neue Kost\u00fcme hat unsere Fussgruppe. Seit Fasching 2025 sind sie als Ritter unterwegs. Bisherige Kost\u00fcme Ritter Papierschiffchenpiraten Zauberhafte Hexen Gl\u00fcckswichtel Tschinis Alberlulu<\/p>\n","protected":false},"author":2,"featured_media":0,"parent":0,"menu_order":8,"comment_status":"closed","ping_status":"closed","template":"","meta":{"ngg_post_thumbnail":0},"_links":{"self":[{"href":"https:\/\/faschingszunft.alberschwende.info\/index.php?rest_route=\/wp\/v2\/pages\/20872"}],"collection":[{"href":"https:\/\/faschingszunft.alberschwende.info\/index.php?rest_route=\/wp\/v2\/pages"}],"about":[{"href":"https:\/\/faschingszunft.alberschwende.info\/index.php?rest_route=\/wp\/v2\/types\/page"}],"author":[{"embeddable":true,"href":"https:\/\/faschingszunft.alberschwende.info\/index.php?rest_route=\/wp\/v2\/users\/2"}],"replies":[{"embeddable":true,"href":"https:\/\/faschingszunft.alberschwende.info\/index.php?rest_route=%2Fwp%2Fv2%2Fcomments&post=20872"}],"version-history":[{"count":10,"href":"https:\/\/faschingszunft.alberschwende.info\/index.php?rest_route=\/wp\/v2\/pages\/20872\/revisions"}],"predecessor-version":[{"id":20895,"href":"https:\/\/faschingszunft.alberschwende.info\/index.php?rest_route=\/wp\/v2\/pages\/20872\/revisions\/20895"}],"wp:attachment":[{"href":"https:\/\/faschingszunft.alberschwende.info\/index.php?rest_route=%2Fwp%2Fv2%2Fmedia&parent=20872"}],"curies":[{"name":"wp","href":"https:\/\/api.w.org\/{rel}","templated":true}]}}