{"id":1945,"date":"2010-02-22T19:39:50","date_gmt":"2010-02-22T18:39:50","guid":{"rendered":"http:\/\/faschingszunft.alberschwende.info\/?page_id=1945"},"modified":"2010-03-01T08:56:42","modified_gmt":"2010-03-01T07:56:42","slug":"funken-21-02-10","status":"publish","type":"page","link":"https:\/\/faschingszunft.alberschwende.info\/?page_id=1945","title":{"rendered":"Funken 21.02.10"},"content":{"rendered":"<p style=\"text-align: center;\"><a href=\"http:\/\/faschingszunft.alberschwende.info\/?page_id=392&amp;album=60&amp;gallery=65\" target=\"_self\"><img class=\"ngg-singlepic ngg-center\" src=\"http:\/\/faschingszunft.alberschwende.info\/wp-content\/gallery\/funken-21-02-10\/p1010290.jpg\" alt=\"p1010290\" \/><\/a><\/p>\n<p>Die Funkenbauer des Kinderfunken.<\/p>\n<p>Am Samstag in aller Fr\u00fche bekannen unsere Z\u00fcnftler, den Funken aufzubauen. Das eingegrabene Rohr f\u00fcr die Funkenstange wurde relativ rasch gefunden. Der erste Versuch war nur um ca. 30 cm daneben. Da das Holz und die Buscheln bereits am Funkenplatz gelagert wurden, war der Funken bereits um 14.30 Uhr fertig. Dank der vielen Helfer kein Wunder. Bestens verpflegt wurden unsere Funkenbauer durch Maria und Eugen Winder mit Gerstensuppe, durch Gerda Sutterl\u00fcty, Gerda Eller und Andrea Stadelmann mit K\u00fcchle, Kaffee und Kuchen.<\/p>\n<p><a href=\"http:\/\/faschingszunft.alberschwende.info\/?page_id=392&amp;album=59&amp;gallery=64\" target=\"_self\">Fotos von Funkenaufbau von Andrea und Gerda<\/a><\/p>\n<p>Neu beim Funken war der Funkenklatsch bereits um 16.30 Uhr. Dabei durften die Kinder ihren eigenen Funken aufbauen. Funkenstange und Hexe waren schon bereit. Silas Bereuter und Julian Eller hatten bereits Erfahrung mit dem grossen Funken und daher war der Kinderfunken f\u00fcr sie kein Problem. \ufeffUm 17.00 Uhr wurde dieser durch diese beiden angez\u00fcndet. Der Winter wurde richtig ausgetrieben, die Hexe verbrannte. Um 18.30 wurde der gro\u00dfe Funken mit einem Feuerwerk eingeleitet. Harald B\u00f6hler und Thomas Weber z\u00fcndeten ihn an. Auch dieser brannte samt Hexe wundersch\u00f6n. Durch viele Helfer wurden die G\u00e4ste verk\u00f6stigt. Funkenk\u00fcchle wurden wieder von Herta Bereuter, Resi Bereuter, Monika Bereuter und Marlies Fitz gebacken. Heuer gab es auch noch frische Apfelk\u00fcchle direkt beim Funken gebacken.<\/p>\n<p><a href=\"http:\/\/faschingszunft.alberschwende.info\/?page_id=392&amp;album=60&amp;gallery=65\" target=\"_self\">Fotos vom Funkenabbrennen von Andrea und Gerda<\/a><\/p>\n","protected":false},"excerpt":{"rendered":"<p>Die Funkenbauer des Kinderfunken. Am Samstag in aller Fr\u00fche bekannen unsere Z\u00fcnftler, den Funken aufzubauen. Das eingegrabene Rohr f\u00fcr die Funkenstange wurde relativ rasch gefunden. Der erste Versuch war nur um ca. 30 cm daneben. Da das Holz und die Buscheln bereits am Funkenplatz gelagert wurden, war der Funken bereits um 14.30 Uhr fertig. Dank &hellip; <a href=\"https:\/\/faschingszunft.alberschwende.info\/?page_id=1945\" class=\"more-link\"><span class=\"screen-reader-text\">Funken 21.02.10<\/span> weiterlesen<\/a><\/p>\n","protected":false},"author":2,"featured_media":0,"parent":1461,"menu_order":0,"comment_status":"open","ping_status":"closed","template":"","meta":{"ngg_post_thumbnail":0},"_links":{"self":[{"href":"https:\/\/faschingszunft.alberschwende.info\/index.php?rest_route=\/wp\/v2\/pages\/1945"}],"collection":[{"href":"https:\/\/faschingszunft.alberschwende.info\/index.php?rest_route=\/wp\/v2\/pages"}],"about":[{"href":"https:\/\/faschingszunft.alberschwende.info\/index.php?rest_route=\/wp\/v2\/types\/page"}],"author":[{"embeddable":true,"href":"https:\/\/faschingszunft.alberschwende.info\/index.php?rest_route=\/wp\/v2\/users\/2"}],"replies":[{"embeddable":true,"href":"https:\/\/faschingszunft.alberschwende.info\/index.php?rest_route=%2Fwp%2Fv2%2Fcomments&post=1945"}],"version-history":[{"count":6,"href":"https:\/\/faschingszunft.alberschwende.info\/index.php?rest_route=\/wp\/v2\/pages\/1945\/revisions"}],"predecessor-version":[{"id":1953,"href":"https:\/\/faschingszunft.alberschwende.info\/index.php?rest_route=\/wp\/v2\/pages\/1945\/revisions\/1953"}],"up":[{"embeddable":true,"href":"https:\/\/faschingszunft.alberschwende.info\/index.php?rest_route=\/wp\/v2\/pages\/1461"}],"wp:attachment":[{"href":"https:\/\/faschingszunft.alberschwende.info\/index.php?rest_route=%2Fwp%2Fv2%2Fmedia&parent=1945"}],"curies":[{"name":"wp","href":"https:\/\/api.w.org\/{rel}","templated":true}]}}