{"id":1924,"date":"2010-02-18T20:19:56","date_gmt":"2010-02-18T19:19:56","guid":{"rendered":"http:\/\/faschingszunft.alberschwende.info\/?page_id=1924"},"modified":"2010-03-05T17:50:05","modified_gmt":"2010-03-05T16:50:05","slug":"faschingdienstag-16-02-10","status":"publish","type":"page","link":"https:\/\/faschingszunft.alberschwende.info\/?page_id=1924","title":{"rendered":"Faschingdienstag 16.02.10"},"content":{"rendered":"<p style=\"text-align: center;\"><a href=\"http:\/\/faschingszunft.alberschwende.info\/?page_id=392&amp;album=57&amp;gallery=62\" target=\"_self\"><img class=\"ngg-singlepic ngg-center aligncenter\" src=\"http:\/\/faschingszunft.alberschwende.info\/wp-content\/gallery\/faschingsausklang-gasthof-sonne\/p1010191.jpg\" alt=\"p1010191\" \/><\/a><\/p>\n<p style=\"text-align: left;\">Am Vormittag statteten unsere Gardem\u00e4dchen dem Kindergarten einen Besuch ab. Nach den Gardet\u00e4nzen tanzten sie mit den Kindergartenkindern zum &#8222;Roten Pferd&#8220; und zum &#8222;Ententanz. Auch in der Volksschule zeigten sie sich von der besten Seite.<\/p>\n<p style=\"text-align: left;\"><a href=\"http:\/\/faschingszunft.alberschwende.info\/?page_id=392&amp;album=61&amp;gallery=66\" target=\"_self\">Fotos von Andrea M.<\/a><\/p>\n<p>Am Nachmittag zog es uns bei bestem Wetter nach Andelsbuch. Bei diesem Umzug haben wir zum ersten Mal teilgenommen. Die kleinen Um\u00fcge haben ihren eigenen Flair. Unsere Mama-Wildsau hatte zwar kleinere technische Probleme, die aber unter dem Umzug wieder behoben wurden.<\/p>\n<p><a href=\"http:\/\/faschingszunft.alberschwende.info\/?page_id=392&amp;album=56&amp;gallery=61\" target=\"_self\">Fotos von Erich und Gerda<\/a><\/p>\n<p>Wie bereits zur Tradition geworden, schlossen wir die Faschingssaison im Gasthof Sonne bei Conny und Gerold ab. Nach dem guten Essen begann der gem\u00fctliche Teil. Unsere Gardem\u00e4dchen bedankten sich bei Gerold f\u00fcr das Essen. Danke auch an Armin f\u00fcr das Eis f\u00fcr die Kinder. Nebenbei feierten wir den ??. Geburtstag von Mathilde. Bei seiner Abschlussrede bedankte sich Erich bei allen helfenden H\u00e4nden im Vorder- und Hintergrund. Nach diesem anstrengenden Wochenende war dies ein kr\u00f6nender Abschluss. Und wie man auf den Fotos sieht &#8211; wir haben uns alle lieb.<\/p>\n<p><a href=\"http:\/\/faschingszunft.alberschwende.info\/?page_id=392&amp;album=57&amp;gallery=62\" target=\"_self\">Fotos von Erich und Gerda<\/a><\/p>\n","protected":false},"excerpt":{"rendered":"<p>Am Vormittag statteten unsere Gardem\u00e4dchen dem Kindergarten einen Besuch ab. Nach den Gardet\u00e4nzen tanzten sie mit den Kindergartenkindern zum &#8222;Roten Pferd&#8220; und zum &#8222;Ententanz. Auch in der Volksschule zeigten sie sich von der besten Seite. Fotos von Andrea M. Am Nachmittag zog es uns bei bestem Wetter nach Andelsbuch. Bei diesem Umzug haben wir zum &hellip; <a href=\"https:\/\/faschingszunft.alberschwende.info\/?page_id=1924\" class=\"more-link\"><span class=\"screen-reader-text\">Faschingdienstag 16.02.10<\/span> weiterlesen<\/a><\/p>\n","protected":false},"author":2,"featured_media":0,"parent":1461,"menu_order":0,"comment_status":"open","ping_status":"closed","template":"","meta":{"ngg_post_thumbnail":0},"_links":{"self":[{"href":"https:\/\/faschingszunft.alberschwende.info\/index.php?rest_route=\/wp\/v2\/pages\/1924"}],"collection":[{"href":"https:\/\/faschingszunft.alberschwende.info\/index.php?rest_route=\/wp\/v2\/pages"}],"about":[{"href":"https:\/\/faschingszunft.alberschwende.info\/index.php?rest_route=\/wp\/v2\/types\/page"}],"author":[{"embeddable":true,"href":"https:\/\/faschingszunft.alberschwende.info\/index.php?rest_route=\/wp\/v2\/users\/2"}],"replies":[{"embeddable":true,"href":"https:\/\/faschingszunft.alberschwende.info\/index.php?rest_route=%2Fwp%2Fv2%2Fcomments&post=1924"}],"version-history":[{"count":8,"href":"https:\/\/faschingszunft.alberschwende.info\/index.php?rest_route=\/wp\/v2\/pages\/1924\/revisions"}],"predecessor-version":[{"id":1929,"href":"https:\/\/faschingszunft.alberschwende.info\/index.php?rest_route=\/wp\/v2\/pages\/1924\/revisions\/1929"}],"up":[{"embeddable":true,"href":"https:\/\/faschingszunft.alberschwende.info\/index.php?rest_route=\/wp\/v2\/pages\/1461"}],"wp:attachment":[{"href":"https:\/\/faschingszunft.alberschwende.info\/index.php?rest_route=%2Fwp%2Fv2%2Fmedia&parent=1924"}],"curies":[{"name":"wp","href":"https:\/\/api.w.org\/{rel}","templated":true}]}}