{"id":1803,"date":"2010-02-01T22:45:12","date_gmt":"2010-02-01T21:45:12","guid":{"rendered":"http:\/\/faschingszunft.alberschwende.info\/?page_id=1803"},"modified":"2010-02-01T22:46:31","modified_gmt":"2010-02-01T21:46:31","slug":"ball-30-01-10","status":"publish","type":"page","link":"https:\/\/faschingszunft.alberschwende.info\/?page_id=1803","title":{"rendered":"Ball 30.01.10"},"content":{"rendered":"<p style=\"text-align: left;\"><a href=\"http:\/\/faschingszunft.alberschwende.info\/?page_id=392&amp;album=46&amp;gallery=51\" target=\"_self\"><img class=\"ngg-singlepic ngg-center aligncenter\" src=\"http:\/\/faschingszunft.alberschwende.info\/wp-content\/gallery\/ball-30-01-10\/p1000720.jpg\" alt=\"p1000720\" \/><\/a>Unser Ballteam besteht aus: Sigi Zeitfogel, Evi und Julia Franceschini, Erich Flatz, Andrea Maldoner, Andrea Stadelmann. Nach den beiden Gardet\u00e4nzen spielten die Harolines Musikst\u00fccke quer durch den Musikzirkus. Im 2. Block trug uns der Leandohockar (alias Volkmar Sch\u00f6flinger) die B\u00fcttenrede, geschrieben von Erika Kaufmann, vor. Unsere Alber-Lulus zeigten uns, wie gelenkig\u00a0 und trinkfest unsere kleinsten Zunftmitglieder sind. Um Mitternacht begann der sportliche Teil. Den ersten Taebo-Tanz wurde uns von Bianca Fr\u00f6wis einstudiert. Unser Finale bestritten Roland Bereuter und Raimund Fink mit einem legend\u00e4ren Boxkampf. Durch das Programm f\u00fchrte unser &#8222;Chef&#8220; Erich Flatz. Unser Barteam bestand aus Bernhard Bereuter, Petra Bereuter, unseren Gardem\u00e4dchen Julia Keck und Melina Metzler sowie Gerda Eller und Thomas Flatz, die alle H\u00e4nde voll zu tun hatten. Unsere technische Crew bestand aus Georg D\u00fcr an der Tonanlage, Harald B\u00f6hler am Film und Christian Eller am Vorhand bzw. an der Lichtanlage. Wir feierten und tanzten bis in die Morgenstunden. Einige Zunftmitglieder hielten durch bis zum Fr\u00fchst\u00fcck in der Tanzstelle, wo noch eine spezielle Fotosession stattfand. Trotz der fr\u00fchen Morgenstunden wurde bereits am Sonntag Mittag der Saal wieder auf Vordermann gebracht.<\/p>\n<p style=\"text-align: left;\"><a href=\"http:\/\/faschingszunft.alberschwende.info\/?page_id=392&amp;album=46&amp;gallery=51\" target=\"_self\">Fotos von Andrea, Erich und Gerda<\/a><\/p>\n<p style=\"text-align: left;\">PS: Auf dem Ball ist ein silbriges Armband liegen geblieben. Der Besitzer kann sich bei Andrea oder Erich Stadelmann (3271) melden.<\/p>\n<p style=\"text-align: left;\">\n<p style=\"text-align: left;\">\n","protected":false},"excerpt":{"rendered":"<p>Unser Ballteam besteht aus: Sigi Zeitfogel, Evi und Julia Franceschini, Erich Flatz, Andrea Maldoner, Andrea Stadelmann. Nach den beiden Gardet\u00e4nzen spielten die Harolines Musikst\u00fccke quer durch den Musikzirkus. Im 2. Block trug uns der Leandohockar (alias Volkmar Sch\u00f6flinger) die B\u00fcttenrede, geschrieben von Erika Kaufmann, vor. Unsere Alber-Lulus zeigten uns, wie gelenkig\u00a0 und trinkfest unsere kleinsten &hellip; <a href=\"https:\/\/faschingszunft.alberschwende.info\/?page_id=1803\" class=\"more-link\"><span class=\"screen-reader-text\">Ball 30.01.10<\/span> weiterlesen<\/a><\/p>\n","protected":false},"author":2,"featured_media":0,"parent":610,"menu_order":0,"comment_status":"open","ping_status":"open","template":"","meta":{"ngg_post_thumbnail":0},"_links":{"self":[{"href":"https:\/\/faschingszunft.alberschwende.info\/index.php?rest_route=\/wp\/v2\/pages\/1803"}],"collection":[{"href":"https:\/\/faschingszunft.alberschwende.info\/index.php?rest_route=\/wp\/v2\/pages"}],"about":[{"href":"https:\/\/faschingszunft.alberschwende.info\/index.php?rest_route=\/wp\/v2\/types\/page"}],"author":[{"embeddable":true,"href":"https:\/\/faschingszunft.alberschwende.info\/index.php?rest_route=\/wp\/v2\/users\/2"}],"replies":[{"embeddable":true,"href":"https:\/\/faschingszunft.alberschwende.info\/index.php?rest_route=%2Fwp%2Fv2%2Fcomments&post=1803"}],"version-history":[{"count":3,"href":"https:\/\/faschingszunft.alberschwende.info\/index.php?rest_route=\/wp\/v2\/pages\/1803\/revisions"}],"predecessor-version":[{"id":1808,"href":"https:\/\/faschingszunft.alberschwende.info\/index.php?rest_route=\/wp\/v2\/pages\/1803\/revisions\/1808"}],"up":[{"embeddable":true,"href":"https:\/\/faschingszunft.alberschwende.info\/index.php?rest_route=\/wp\/v2\/pages\/610"}],"wp:attachment":[{"href":"https:\/\/faschingszunft.alberschwende.info\/index.php?rest_route=%2Fwp%2Fv2%2Fmedia&parent=1803"}],"curies":[{"name":"wp","href":"https:\/\/api.w.org\/{rel}","templated":true}]}}