{"id":1778,"date":"2010-01-24T16:49:30","date_gmt":"2010-01-24T15:49:30","guid":{"rendered":"http:\/\/faschingszunft.alberschwende.info\/?page_id=1778"},"modified":"2010-01-24T16:49:30","modified_gmt":"2010-01-24T15:49:30","slug":"fc-fasstaubenrennen-23-01-10","status":"publish","type":"page","link":"https:\/\/faschingszunft.alberschwende.info\/?page_id=1778","title":{"rendered":"FC-Fasstaubenrennen 23.01.10"},"content":{"rendered":"<p>Die Mannschaft Faschingszunft Herren bestand aus Christian Eller, Erich Stadelmann, Florian Winder und Sigi Zeitfogel, die Mannschaft Faschingszunft Damen wurde von Petra Bereuter, Gerda Eller, Andrea Maldoner und Andrea Stadelmann gebildet. Noreen Bereuter, Laura Eller, Jacqueline Feldkircher, Madelaine Feldkircher, Sabrina Maldoner und Corinna Zeitfogel bildeten die Pistenj\u00e4ger. Silas Bereuter und Julian Maldoner starteten f\u00fcr den FC-Apfelsaft. Gewertet wurde jeweils die Durchschnittszeit pro Mannschaft. Wer dabei der Durchschnittszeit aller Teilnehmer am n\u00e4chsten kam, wurde zum Sieger gekr\u00f6nt. Wir r\u00e4umten viele Pokale ab, und zwar: Bei der Klasse U16 gewann Noreen Bereuter den 1. Platz, bei der Allgemeinen Klasse erfuhr Andrea Maldoner den 2. Platz und Sigi Zeitfogel den 3. Platz. Bei der Mannschaftswertung erreichten die Herren den 2. Platz. Herzliche Gratulation. Petra Bereuter war die 2. schnellste Frau im Rennen. Laura Eller, Christian Eller und Andrea Stadelmann sorten f\u00fcr den gr\u00f6\u00dften Spa\u00df der Zuschauer und lie\u00dfen den Fotografen die meiste Zeit, um richtig unf\u00f6rmige Fotos zu schie\u00dfen.<\/p>\n<p><a href=\"http:\/\/faschingszunft.alberschwende.info\/?page_id=387&amp;album=45&amp;gallery=50\" target=\"_self\">Fotos von Marlies<\/a><\/p>\n","protected":false},"excerpt":{"rendered":"<p>Die Mannschaft Faschingszunft Herren bestand aus Christian Eller, Erich Stadelmann, Florian Winder und Sigi Zeitfogel, die Mannschaft Faschingszunft Damen wurde von Petra Bereuter, Gerda Eller, Andrea Maldoner und Andrea Stadelmann gebildet. Noreen Bereuter, Laura Eller, Jacqueline Feldkircher, Madelaine Feldkircher, Sabrina Maldoner und Corinna Zeitfogel bildeten die Pistenj\u00e4ger. Silas Bereuter und Julian Maldoner starteten f\u00fcr den &hellip; <a href=\"https:\/\/faschingszunft.alberschwende.info\/?page_id=1778\" class=\"more-link\"><span class=\"screen-reader-text\">FC-Fasstaubenrennen 23.01.10<\/span> weiterlesen<\/a><\/p>\n","protected":false},"author":2,"featured_media":0,"parent":1461,"menu_order":0,"comment_status":"open","ping_status":"open","template":"","meta":{"ngg_post_thumbnail":0},"_links":{"self":[{"href":"https:\/\/faschingszunft.alberschwende.info\/index.php?rest_route=\/wp\/v2\/pages\/1778"}],"collection":[{"href":"https:\/\/faschingszunft.alberschwende.info\/index.php?rest_route=\/wp\/v2\/pages"}],"about":[{"href":"https:\/\/faschingszunft.alberschwende.info\/index.php?rest_route=\/wp\/v2\/types\/page"}],"author":[{"embeddable":true,"href":"https:\/\/faschingszunft.alberschwende.info\/index.php?rest_route=\/wp\/v2\/users\/2"}],"replies":[{"embeddable":true,"href":"https:\/\/faschingszunft.alberschwende.info\/index.php?rest_route=%2Fwp%2Fv2%2Fcomments&post=1778"}],"version-history":[{"count":1,"href":"https:\/\/faschingszunft.alberschwende.info\/index.php?rest_route=\/wp\/v2\/pages\/1778\/revisions"}],"predecessor-version":[{"id":1779,"href":"https:\/\/faschingszunft.alberschwende.info\/index.php?rest_route=\/wp\/v2\/pages\/1778\/revisions\/1779"}],"up":[{"embeddable":true,"href":"https:\/\/faschingszunft.alberschwende.info\/index.php?rest_route=\/wp\/v2\/pages\/1461"}],"wp:attachment":[{"href":"https:\/\/faschingszunft.alberschwende.info\/index.php?rest_route=%2Fwp%2Fv2%2Fmedia&parent=1778"}],"curies":[{"name":"wp","href":"https:\/\/api.w.org\/{rel}","templated":true}]}}