{"id":1543,"date":"2009-06-11T12:32:13","date_gmt":"2009-06-11T11:32:13","guid":{"rendered":"http:\/\/faschingszunft.alberschwende.info\/?page_id=1543"},"modified":"2009-06-11T12:44:31","modified_gmt":"2009-06-11T11:44:31","slug":"wagenbau-musikfest","status":"publish","type":"page","link":"https:\/\/faschingszunft.alberschwende.info\/?page_id=1543","title":{"rendered":"Wagenbau Musikfest"},"content":{"rendered":"<p>Folgende Wagen werden gebaut:<\/p>\n<p><strong>Instrument Wagen:<\/strong> Gebaut wird er von Erich Flatz, Christian Eller, Georg Flatz, Sigi Zeitfogel. Derzeit wird er in der Kl\u00e4ranlage fertiggestellt. Auf dem Wagen werden beim Umzug Sabrina und Julian Maldoner in Tracht sitzen.<\/p>\n<p><strong>Einst &#8211; Heute Wagen:<\/strong> Gebaut wird er von Gerald Bereuter, Daniel B\u00f6hler, Harald B\u00f6hler, Simon Bereuter bei Gerald, Harald. Fertiggestellt wird er bei der Fa. Thurner.<\/p>\n<p><strong>C\u00e4cilienwagen:<\/strong> Er wird ebenfalls von Gerald Bereuter, Daniel B\u00f6hler, Harald B\u00f6hler, Simon Bereuter in der neuen Halle der Fa. Thurner fertiggestellt. Beim Umzug fahren Bettina und Jasmin Eiler und Laura Eller mit.<\/p>\n<p><strong>Denkmal-Wagen:<\/strong> Die Erbauer sind Helmut Flatz, Hans Barbisch und Elmar Schw\u00e4rzler. Gebaut wurde er bei Helmut Flatz zu Hause. Er steht ebenfalls in der neuen Halle der Fa. Thurner.<\/p>\n<p><strong>200 Jahre Musik at &#8211; Wagen:<\/strong> Gebaut von Erich Stadelmann, Roland Bereuter, Raimund Fink und Hubert Frank. Jakob D\u00fcr \u00fcbernahm die k\u00fcnstlerischen Malerarbeiten. Der Wagen wird bei Karl-Heinz Hopfner fertiggestellt. Beim Umzug begleiten ihn Julia und Sonja Sadelmann.<\/p>\n<p><strong>Jubil\u00e4umswagen:<\/strong> Er wird ebenfalls von Erich Stadelmann, Roland Bereuter, Raimund Fink und Hubert Frank bei Karl-Heinz Hopfner gebaut. K\u00fcnstlerisch bet\u00e4tigten sich Hans D\u00fcr und Jakob D\u00fcr. Noreen und Silas Bereuter, Selina und Lukas Fink fahren beim Umzug mit.<\/p>\n<p>Alle Wagen wurden bei Karl-Heinz Hopfner in Fischbach zugeschnitten. Vielen Dank f\u00fcr die Zuverf\u00fcgungstellung der Maschinen und der Halle. Die Malermeister Martin L\u00e4sser und Stefan Kleber helfen bei den gro\u00dffl\u00e4chigen Malerarbeiten. Die Blumenkisten f\u00fcr unsere W\u00e4gen wurden vom Obst- und Gartenbauverein bereits bepflanzt. Hans D\u00fcr besorgte auch die Bekleidung f\u00fcr unseren Zunftnachwuchs.<\/p>\n<p><a href=\"http:\/\/faschingszunft.alberschwende.info\/?page_id=387&amp;album=27&amp;gallery=30\" target=\"_self\">erste Fotos<\/a><\/p>\n","protected":false},"excerpt":{"rendered":"<p>Folgende Wagen werden gebaut: Instrument Wagen: Gebaut wird er von Erich Flatz, Christian Eller, Georg Flatz, Sigi Zeitfogel. Derzeit wird er in der Kl\u00e4ranlage fertiggestellt. Auf dem Wagen werden beim Umzug Sabrina und Julian Maldoner in Tracht sitzen. Einst &#8211; Heute Wagen: Gebaut wird er von Gerald Bereuter, Daniel B\u00f6hler, Harald B\u00f6hler, Simon Bereuter bei &hellip; <a href=\"https:\/\/faschingszunft.alberschwende.info\/?page_id=1543\" class=\"more-link\"><span class=\"screen-reader-text\">Wagenbau Musikfest<\/span> weiterlesen<\/a><\/p>\n","protected":false},"author":2,"featured_media":0,"parent":1452,"menu_order":0,"comment_status":"open","ping_status":"open","template":"","meta":{"ngg_post_thumbnail":0},"_links":{"self":[{"href":"https:\/\/faschingszunft.alberschwende.info\/index.php?rest_route=\/wp\/v2\/pages\/1543"}],"collection":[{"href":"https:\/\/faschingszunft.alberschwende.info\/index.php?rest_route=\/wp\/v2\/pages"}],"about":[{"href":"https:\/\/faschingszunft.alberschwende.info\/index.php?rest_route=\/wp\/v2\/types\/page"}],"author":[{"embeddable":true,"href":"https:\/\/faschingszunft.alberschwende.info\/index.php?rest_route=\/wp\/v2\/users\/2"}],"replies":[{"embeddable":true,"href":"https:\/\/faschingszunft.alberschwende.info\/index.php?rest_route=%2Fwp%2Fv2%2Fcomments&post=1543"}],"version-history":[{"count":6,"href":"https:\/\/faschingszunft.alberschwende.info\/index.php?rest_route=\/wp\/v2\/pages\/1543\/revisions"}],"predecessor-version":[{"id":1554,"href":"https:\/\/faschingszunft.alberschwende.info\/index.php?rest_route=\/wp\/v2\/pages\/1543\/revisions\/1554"}],"up":[{"embeddable":true,"href":"https:\/\/faschingszunft.alberschwende.info\/index.php?rest_route=\/wp\/v2\/pages\/1452"}],"wp:attachment":[{"href":"https:\/\/faschingszunft.alberschwende.info\/index.php?rest_route=%2Fwp%2Fv2%2Fmedia&parent=1543"}],"curies":[{"name":"wp","href":"https:\/\/api.w.org\/{rel}","templated":true}]}}