{"id":1461,"date":"2009-03-29T21:44:31","date_gmt":"2009-03-29T20:44:31","guid":{"rendered":"http:\/\/faschingszunft.alberschwende.info\/?page_id=1461"},"modified":"2026-01-29T21:02:32","modified_gmt":"2026-01-29T20:02:32","slug":"veranstaltungen","status":"publish","type":"page","link":"https:\/\/faschingszunft.alberschwende.info\/?page_id=1461","title":{"rendered":"Veranstaltungen"},"content":{"rendered":"<p><\/p>\n<p><span style=\"color: #ffffff;\">.<\/span><\/p>\n<p><strong>Unsere Veranstaltungen sind Ball, Umzug und Funken. Hier findet ihr die dazugeh\u00f6rigen Informationen.<\/strong><\/p>\n\n\n<figure class=\"wp-block-image size-full\"><a href=\"http:\/\/faschingszunft.alberschwende.info\/wp-content\/uploads\/2024\/11\/k-IMG-20241025-WA0005.jpg\" data-rel=\"lightbox-image-0\" data-rl_title=\"\" data-rl_caption=\"\" title=\"\"><img loading=\"lazy\" width=\"374\" height=\"530\" src=\"http:\/\/faschingszunft.alberschwende.info\/wp-content\/uploads\/2024\/11\/k-IMG-20241025-WA0005.jpg\" alt=\"\" class=\"wp-image-20647\" srcset=\"https:\/\/faschingszunft.alberschwende.info\/wp-content\/uploads\/2024\/11\/k-IMG-20241025-WA0005.jpg 374w, https:\/\/faschingszunft.alberschwende.info\/wp-content\/uploads\/2024\/11\/k-IMG-20241025-WA0005-212x300.jpg 212w\" sizes=\"(max-width: 374px) 100vw, 374px\" \/><\/a><\/figure>\n\n\n\n<p>In dieser Saison sind wir bereits f\u00fcr etwas Neues. Wir machen ein Kaffekr\u00e4nzle. Kommt vorbei und seid mit uns gespannt.<\/p>\n\n\n\n<figure class=\"wp-block-image size-full\"><a href=\"https:\/\/faschingszunft.alberschwende.info\/wp-content\/uploads\/2026\/01\/k-Orange-Rot-Bunt-Fotos-Fasching-Umzug-Karneval-Verein-Poster_20260115_110241_0000.jpg\" data-rel=\"lightbox-image-1\" data-rl_title=\"\" data-rl_caption=\"\" title=\"\"><img loading=\"lazy\" width=\"452\" height=\"640\" src=\"https:\/\/faschingszunft.alberschwende.info\/wp-content\/uploads\/2026\/01\/k-Orange-Rot-Bunt-Fotos-Fasching-Umzug-Karneval-Verein-Poster_20260115_110241_0000.jpg\" alt=\"\" class=\"wp-image-21450\" srcset=\"https:\/\/faschingszunft.alberschwende.info\/wp-content\/uploads\/2026\/01\/k-Orange-Rot-Bunt-Fotos-Fasching-Umzug-Karneval-Verein-Poster_20260115_110241_0000.jpg 452w, https:\/\/faschingszunft.alberschwende.info\/wp-content\/uploads\/2026\/01\/k-Orange-Rot-Bunt-Fotos-Fasching-Umzug-Karneval-Verein-Poster_20260115_110241_0000-212x300.jpg 212w\" sizes=\"(max-width: 452px) 100vw, 452px\" \/><\/a><\/figure>\n\n\n\n<figure class=\"wp-block-image size-full\"><a href=\"https:\/\/faschingszunft.alberschwende.info\/wp-content\/uploads\/2026\/01\/k-Flyer-fuer-Verein-im-Grunge-Stil-in-Grau-Gelb-Braun_20260126_083328_0000.jpg\" data-rel=\"lightbox-image-2\" data-rl_title=\"\" data-rl_caption=\"\" title=\"\"><img loading=\"lazy\" width=\"452\" height=\"640\" src=\"https:\/\/faschingszunft.alberschwende.info\/wp-content\/uploads\/2026\/01\/k-Flyer-fuer-Verein-im-Grunge-Stil-in-Grau-Gelb-Braun_20260126_083328_0000.jpg\" alt=\"\" class=\"wp-image-21449\" srcset=\"https:\/\/faschingszunft.alberschwende.info\/wp-content\/uploads\/2026\/01\/k-Flyer-fuer-Verein-im-Grunge-Stil-in-Grau-Gelb-Braun_20260126_083328_0000.jpg 452w, https:\/\/faschingszunft.alberschwende.info\/wp-content\/uploads\/2026\/01\/k-Flyer-fuer-Verein-im-Grunge-Stil-in-Grau-Gelb-Braun_20260126_083328_0000-212x300.jpg 212w\" sizes=\"(max-width: 452px) 100vw, 452px\" \/><\/a><\/figure>\n","protected":false},"excerpt":{"rendered":"<p>. Unsere Veranstaltungen sind Ball, Umzug und Funken. Hier findet ihr die dazugeh\u00f6rigen Informationen. In dieser Saison sind wir bereits f\u00fcr etwas Neues. Wir machen ein Kaffekr\u00e4nzle. Kommt vorbei und seid mit uns gespannt.<\/p>\n","protected":false},"author":2,"featured_media":0,"parent":0,"menu_order":5,"comment_status":"open","ping_status":"open","template":"","meta":{"ngg_post_thumbnail":0},"_links":{"self":[{"href":"https:\/\/faschingszunft.alberschwende.info\/index.php?rest_route=\/wp\/v2\/pages\/1461"}],"collection":[{"href":"https:\/\/faschingszunft.alberschwende.info\/index.php?rest_route=\/wp\/v2\/pages"}],"about":[{"href":"https:\/\/faschingszunft.alberschwende.info\/index.php?rest_route=\/wp\/v2\/types\/page"}],"author":[{"embeddable":true,"href":"https:\/\/faschingszunft.alberschwende.info\/index.php?rest_route=\/wp\/v2\/users\/2"}],"replies":[{"embeddable":true,"href":"https:\/\/faschingszunft.alberschwende.info\/index.php?rest_route=%2Fwp%2Fv2%2Fcomments&post=1461"}],"version-history":[{"count":16,"href":"https:\/\/faschingszunft.alberschwende.info\/index.php?rest_route=\/wp\/v2\/pages\/1461\/revisions"}],"predecessor-version":[{"id":21451,"href":"https:\/\/faschingszunft.alberschwende.info\/index.php?rest_route=\/wp\/v2\/pages\/1461\/revisions\/21451"}],"wp:attachment":[{"href":"https:\/\/faschingszunft.alberschwende.info\/index.php?rest_route=%2Fwp%2Fv2%2Fmedia&parent=1461"}],"curies":[{"name":"wp","href":"https:\/\/api.w.org\/{rel}","templated":true}]}}