{"id":12149,"date":"2017-10-23T12:40:31","date_gmt":"2017-10-23T11:40:31","guid":{"rendered":"http:\/\/faschingszunft.alberschwende.info\/?page_id=12149"},"modified":"2017-10-23T13:01:32","modified_gmt":"2017-10-23T12:01:32","slug":"teenygarde-2016-17","status":"publish","type":"page","link":"https:\/\/faschingszunft.alberschwende.info\/?page_id=12149","title":{"rendered":"Teenygarde 2016-17"},"content":{"rendered":"<p style=\"text-align: left;\"><a href=\"http:\/\/faschingszunft.alberschwende.info\/?page_id=26\">zur\u00fcck zur Seite Garde<\/a><\/p>\n<p><a href=\"http:\/\/faschingszunft.alberschwende.info\/wp-content\/uploads\/2017\/10\/Teenygarde-16-17.jpg\" data-rel=\"lightbox-image-0\" data-rl_title=\"\" data-rl_caption=\"\" title=\"\"><img loading=\"lazy\" class=\"aligncenter size-full wp-image-12150\" src=\"http:\/\/faschingszunft.alberschwende.info\/wp-content\/uploads\/2017\/10\/Teenygarde-16-17.jpg\" alt=\"\" width=\"530\" height=\"353\" srcset=\"https:\/\/faschingszunft.alberschwende.info\/wp-content\/uploads\/2017\/10\/Teenygarde-16-17.jpg 530w, https:\/\/faschingszunft.alberschwende.info\/wp-content\/uploads\/2017\/10\/Teenygarde-16-17-300x200.jpg 300w\" sizes=\"(max-width: 530px) 100vw, 530px\" \/><\/a><\/p>\n<p>P\u00fcnktlich zu unserem 30Jahr Jubil\u00e4um konnten wir in allen 3 Gruppen M\u00e4dchen organisieren &#8211; hier die Teenygarde.<\/p>\n<p>Unsere M\u00e4dchen im Jahr 2016-17 sind von links nach rechts:<br \/>\nHannah Frick, Timna Redtenbacher, Paula Wingert (Bezau), Lisa Schneider, Valeria Nu\u00dfbaumer (Langenegg), Lena Schertler und Jasmin Hopfner (Andelsbuch)<\/p>\n<p>&nbsp;<\/p>\n","protected":false},"excerpt":{"rendered":"<p>zur\u00fcck zur Seite Garde P\u00fcnktlich zu unserem 30Jahr Jubil\u00e4um konnten wir in allen 3 Gruppen M\u00e4dchen organisieren &#8211; hier die Teenygarde. Unsere M\u00e4dchen im Jahr 2016-17 sind von links nach rechts: Hannah Frick, Timna Redtenbacher, Paula Wingert (Bezau), Lisa Schneider, Valeria Nu\u00dfbaumer (Langenegg), Lena Schertler und Jasmin Hopfner (Andelsbuch) &nbsp;<\/p>\n","protected":false},"author":2,"featured_media":0,"parent":3046,"menu_order":0,"comment_status":"closed","ping_status":"closed","template":"","meta":{"ngg_post_thumbnail":0},"_links":{"self":[{"href":"https:\/\/faschingszunft.alberschwende.info\/index.php?rest_route=\/wp\/v2\/pages\/12149"}],"collection":[{"href":"https:\/\/faschingszunft.alberschwende.info\/index.php?rest_route=\/wp\/v2\/pages"}],"about":[{"href":"https:\/\/faschingszunft.alberschwende.info\/index.php?rest_route=\/wp\/v2\/types\/page"}],"author":[{"embeddable":true,"href":"https:\/\/faschingszunft.alberschwende.info\/index.php?rest_route=\/wp\/v2\/users\/2"}],"replies":[{"embeddable":true,"href":"https:\/\/faschingszunft.alberschwende.info\/index.php?rest_route=%2Fwp%2Fv2%2Fcomments&post=12149"}],"version-history":[{"count":3,"href":"https:\/\/faschingszunft.alberschwende.info\/index.php?rest_route=\/wp\/v2\/pages\/12149\/revisions"}],"predecessor-version":[{"id":12161,"href":"https:\/\/faschingszunft.alberschwende.info\/index.php?rest_route=\/wp\/v2\/pages\/12149\/revisions\/12161"}],"up":[{"embeddable":true,"href":"https:\/\/faschingszunft.alberschwende.info\/index.php?rest_route=\/wp\/v2\/pages\/3046"}],"wp:attachment":[{"href":"https:\/\/faschingszunft.alberschwende.info\/index.php?rest_route=%2Fwp%2Fv2%2Fmedia&parent=12149"}],"curies":[{"name":"wp","href":"https:\/\/api.w.org\/{rel}","templated":true}]}}