{"id":1135,"date":"2009-02-09T22:01:29","date_gmt":"2009-02-09T21:01:29","guid":{"rendered":"http:\/\/faschingszunft.alberschwende.info\/?page_id=1135"},"modified":"2009-02-16T16:35:25","modified_gmt":"2009-02-16T15:35:25","slug":"ball-7209","status":"publish","type":"page","link":"https:\/\/faschingszunft.alberschwende.info\/?page_id=1135","title":{"rendered":"Ball 7.2.09"},"content":{"rendered":"<p style=\"text-align: center;\"><a href=\"http:\/\/faschingszunft.alberschwende.info\/?page_id=392&amp;album=8&amp;gallery=11\" target=\"_self\"><img loading=\"lazy\" class=\"ngg-singlepic ngg-center aligncenter\" src=\"http:\/\/faschingszunft.alberschwende.info\/wp-content\/gallery\/ball-070209\/img_4255.jpg\" alt=\"img_4255.jpg\" width=\"532\" height=\"399\" \/><\/a><\/p>\n<p>Der erste Block des Balles startete mit dem Einmarsch aller 3 Garden. Danach wurden die 2 M\u00e4rsche getanzt. Die T\u00e4nze wurden einstudiert bei den Kindern von Andrea Maldoner und Andrea Stadelmann. F\u00fcr die Garde haben wir 3 Trainerinnen, um ihnen die T\u00e4nze beizubringen, n\u00e4mlich Petra Bereuter, Andrea Maldoner und Andrea Stadelmann. Damit die Beine w.o. in einer Reihe sind, braucht es viel Geduld und Training, aber wir haben es zur vollsten Zufriedenheit geschafft.<\/p>\n<p>Der Moderne Tanz der Kindergarde und Showtanzgruppe und danach der &#8222;Leondohockar&#8220; Volkmar Sch\u00f6flinger, der eine B\u00fcttenrede (getextet von Erika Kaufmann) vortrug, bildeten den zweiten Block.<\/p>\n<p>Der dritte Block wurde von der Garde mit dem Modernen Tanz aus Mamma Mia gestartet. Danach folgte &#8222;We will Rock you&#8220; von Queen mit Roland Feldkircher als Freddy Mercury und den Gardem\u00e4dchen. Den Abschlu\u00df bildete der Starlight Express (Raimund Fink, Andreas D\u00fcr, Reinold Huber, Armin Sutterl\u00fcty und Roland Bereuter gegen das W\u00e4lderb\u00e4hnle (Gerda Sutterl\u00fcty, Gerda Huber und Marlies Zeitfogel).<\/p>\n<p>Unsere guten Geister hinter der Bar waren Petra Bereuter und Thomas Flatz (mit Hilfe von Bernhard Bereuter, Gerda Eller, Andrea Maldoner und Andrea Stadelmann) und hatten den ganzen Abend keine Pause. Die Technik meisterten Georg D\u00fcr, Harald B\u00f6hler und Christian Eller.<\/p>\n<p>Wir, das Ballteam, Sigi Zeitfogel, Erich Flatz, Andrea Maldoner und Andrea Stadelmann k\u00f6nnen nur noch Eins &#8211; und zwar &#8211; <strong>DANKE<\/strong> sagen. <strong>Danke<\/strong> an alle Besucher, insbesonders unserem B\u00fcrgermeister, an die Besucher von Alber-Lulu und von unserem Wagen (Dopingj\u00e4ger), an die Besucher anderer Vereine (M\u00e4nnerchor, Musikverein, Feuerwehr usw.), unserer befreundeten Z\u00fcnfte (Buch, Luteracher Hosakracher), allen Teilnehmer und guten Geister vor und hinter den Kulissen, und allen, die uns in den letzten Wochen unterst\u00fctzt haben. Wir hoffen, der Ball war nicht nur f\u00fcr uns ein voller Erfolg. Harald B\u00f6hler hat wieder einen Film gedreht, der bei ihm auch bestellt werden kann.<\/p>\n<p><a href=\"http:\/\/faschingszunft.alberschwende.info\/?page_id=392&amp;album=8&amp;gallery=11\" target=\"_self\">Fotos vom Ball<\/a><\/p>\n","protected":false},"excerpt":{"rendered":"<p>Der erste Block des Balles startete mit dem Einmarsch aller 3 Garden. Danach wurden die 2 M\u00e4rsche getanzt. Die T\u00e4nze wurden einstudiert bei den Kindern von Andrea Maldoner und Andrea Stadelmann. F\u00fcr die Garde haben wir 3 Trainerinnen, um ihnen die T\u00e4nze beizubringen, n\u00e4mlich Petra Bereuter, Andrea Maldoner und Andrea Stadelmann. Damit die Beine w.o. &hellip; <a href=\"https:\/\/faschingszunft.alberschwende.info\/?page_id=1135\" class=\"more-link\"><span class=\"screen-reader-text\">Ball 7.2.09<\/span> weiterlesen<\/a><\/p>\n","protected":false},"author":2,"featured_media":0,"parent":610,"menu_order":0,"comment_status":"open","ping_status":"open","template":"","meta":{"ngg_post_thumbnail":0},"_links":{"self":[{"href":"https:\/\/faschingszunft.alberschwende.info\/index.php?rest_route=\/wp\/v2\/pages\/1135"}],"collection":[{"href":"https:\/\/faschingszunft.alberschwende.info\/index.php?rest_route=\/wp\/v2\/pages"}],"about":[{"href":"https:\/\/faschingszunft.alberschwende.info\/index.php?rest_route=\/wp\/v2\/types\/page"}],"author":[{"embeddable":true,"href":"https:\/\/faschingszunft.alberschwende.info\/index.php?rest_route=\/wp\/v2\/users\/2"}],"replies":[{"embeddable":true,"href":"https:\/\/faschingszunft.alberschwende.info\/index.php?rest_route=%2Fwp%2Fv2%2Fcomments&post=1135"}],"version-history":[{"count":6,"href":"https:\/\/faschingszunft.alberschwende.info\/index.php?rest_route=\/wp\/v2\/pages\/1135\/revisions"}],"predecessor-version":[{"id":1150,"href":"https:\/\/faschingszunft.alberschwende.info\/index.php?rest_route=\/wp\/v2\/pages\/1135\/revisions\/1150"}],"up":[{"embeddable":true,"href":"https:\/\/faschingszunft.alberschwende.info\/index.php?rest_route=\/wp\/v2\/pages\/610"}],"wp:attachment":[{"href":"https:\/\/faschingszunft.alberschwende.info\/index.php?rest_route=%2Fwp%2Fv2%2Fmedia&parent=1135"}],"curies":[{"name":"wp","href":"https:\/\/api.w.org\/{rel}","templated":true}]}}