{"id":1038,"date":"2009-01-27T22:13:43","date_gmt":"2009-01-27T21:13:43","guid":{"rendered":"http:\/\/faschingszunft.alberschwende.info\/?page_id=1038"},"modified":"2025-02-26T12:14:39","modified_gmt":"2025-02-26T11:14:39","slug":"alber-lulu","status":"publish","type":"page","link":"https:\/\/faschingszunft.alberschwende.info\/?page_id=1038","title":{"rendered":"Alber-Lulu"},"content":{"rendered":"<p><img loading=\"lazy\" class=\"ngg-singlepic ngg-center aligncenter\" src=\"http:\/\/faschingszunft.alberschwende.info\/wp-content\/gallery\/umzug-lauterach-21209\/p3230018.jpg\" alt=\"OLYMPUS DIGITAL CAMERA \" width=\"522\" height=\"392\"><\/p>\n<p>Frisch importiert aus dem &#8222;sonnigen Honolulu&#8220; (Dornbirn) haben sich 23 faschingsbegeisterte Frauen und M\u00e4nner unserer Faschingszunft angeschlossen. Unter der Leitung von Evi Franceschini wird ca. jedes 3. Jahr ein komplett neues &#8222;Faschingsh\u00e4\u00df&#8220; entworfen und geschneidert. Die n\u00e4chsten Jahre sind sie als Alber-Lulu unterwegs und bereichern unsere Zunft mit &#8222;musikalischen&#8220; Kl\u00e4ngen und sonnigem Gem\u00fct.<\/p>\n<p style=\"text-align: center;\">\n<p style=\"text-align: center;\"><span style=\"color: #ffffff;\">.<\/span><\/p>\n<p style=\"text-align: center;\"><span style=\"color: #ffffff;\">.<\/span><\/p>\n<table style=\"height: 10px; text-align: center;\" border=\"0\" width=\"530\">\n<tbody>\n<tr>\n<td width=\"20%\"><span class=\"thickbox\"><img class=\"ngg-singlepic ngg-center\" src=\"http:\/\/faschingszunft.alberschwende.info\/wp-content\/gallery\/vorstellungen\/evi.jpg\" alt=\"evi.jpg\"><br \/>\n<\/span><\/td>\n<td style=\"text-align: left;\" width=\"80%\"><strong>Evi Franceschine<\/strong><br \/>\nLeiterin Alber-Lulu<br \/>\nMitglied seit: 2008<\/td>\n<\/tr>\n<\/tbody>\n<\/table>\n<table style=\"height: 10px; text-align: center;\" border=\"0\" width=\"530\">\n<tbody>\n<tr>\n<td width=\"20%\"><\/td>\n<td style=\"text-align: left;\" width=\"80%\"><\/td>\n<\/tr>\n<\/tbody>\n<\/table>\n<table style=\"text-align: center; height: 22px;\" border=\"0\" width=\"530\">\n<tbody>\n<tr>\n<td width=\"20%\"><span class=\"thickbox\"><br \/>\n<\/span><\/td>\n<td style=\"text-align: left;\" width=\"80%\"><\/td>\n<\/tr>\n<\/tbody>\n<\/table>\n","protected":false},"excerpt":{"rendered":"<p>Frisch importiert aus dem &#8222;sonnigen Honolulu&#8220; (Dornbirn) haben sich 23 faschingsbegeisterte Frauen und M\u00e4nner unserer Faschingszunft angeschlossen. Unter der Leitung von Evi Franceschini wird ca. jedes 3. Jahr ein komplett neues &#8222;Faschingsh\u00e4\u00df&#8220; entworfen und geschneidert. Die n\u00e4chsten Jahre sind sie als Alber-Lulu unterwegs und bereichern unsere Zunft mit &#8222;musikalischen&#8220; Kl\u00e4ngen und sonnigem Gem\u00fct. . . &hellip; <a href=\"https:\/\/faschingszunft.alberschwende.info\/?page_id=1038\" class=\"more-link\"><span class=\"screen-reader-text\">Alber-Lulu<\/span> weiterlesen<\/a><\/p>\n","protected":false},"author":2,"featured_media":0,"parent":20872,"menu_order":10,"comment_status":"open","ping_status":"open","template":"","meta":{"ngg_post_thumbnail":0},"_links":{"self":[{"href":"https:\/\/faschingszunft.alberschwende.info\/index.php?rest_route=\/wp\/v2\/pages\/1038"}],"collection":[{"href":"https:\/\/faschingszunft.alberschwende.info\/index.php?rest_route=\/wp\/v2\/pages"}],"about":[{"href":"https:\/\/faschingszunft.alberschwende.info\/index.php?rest_route=\/wp\/v2\/types\/page"}],"author":[{"embeddable":true,"href":"https:\/\/faschingszunft.alberschwende.info\/index.php?rest_route=\/wp\/v2\/users\/2"}],"replies":[{"embeddable":true,"href":"https:\/\/faschingszunft.alberschwende.info\/index.php?rest_route=%2Fwp%2Fv2%2Fcomments&post=1038"}],"version-history":[{"count":12,"href":"https:\/\/faschingszunft.alberschwende.info\/index.php?rest_route=\/wp\/v2\/pages\/1038\/revisions"}],"predecessor-version":[{"id":20888,"href":"https:\/\/faschingszunft.alberschwende.info\/index.php?rest_route=\/wp\/v2\/pages\/1038\/revisions\/20888"}],"up":[{"embeddable":true,"href":"https:\/\/faschingszunft.alberschwende.info\/index.php?rest_route=\/wp\/v2\/pages\/20872"}],"wp:attachment":[{"href":"https:\/\/faschingszunft.alberschwende.info\/index.php?rest_route=%2Fwp%2Fv2%2Fmedia&parent=1038"}],"curies":[{"name":"wp","href":"https:\/\/api.w.org\/{rel}","templated":true}]}}